{"id":11068,"date":"2024-07-29T11:48:06","date_gmt":"2024-07-29T14:48:06","guid":{"rendered":"https:\/\/ferrepuertochile.cl\/?post_type=product&#038;p=11068"},"modified":"2025-03-10T12:05:29","modified_gmt":"2025-03-10T15:05:29","slug":"guante-domestico-latex-talla-s-amarillo","status":"publish","type":"product","link":"https:\/\/ferrepuertochile.cl\/index.php\/producto\/guante-domestico-latex-talla-s-amarillo\/","title":{"rendered":"Guante Dom\u00e9stico L\u00e1tex Talla S Amarillo Lioi"},"content":{"rendered":"<p>Fabricado en l\u00e1tex natural. Interior liso. Ideal para procesos alimenticios, trabajos de limpieza. Industriales o dom\u00e9sticos. Marca Lioi.<\/p>\n","protected":false},"excerpt":{"rendered":"<p>Fabricado en l\u00e1tex natural. Interior liso. Ideal para procesos alimenticios, trabajos de limpieza. Industriales o dom\u00e9sticos. Marca Lioi.<\/p>\n","protected":false},"featured_media":11069,"template":"","meta":[],"product_brand":[],"product_cat":[196],"product_tag":[],"class_list":{"0":"post-11068","1":"product","2":"type-product","3":"status-publish","4":"has-post-thumbnail","6":"product_cat-proteccion-de-manos","8":"first","9":"instock","10":"shipping-taxable","11":"purchasable","12":"product-type-simple"},"_links":{"self":[{"href":"https:\/\/ferrepuertochile.cl\/index.php\/wp-json\/wp\/v2\/product\/11068","targetHints":{"allow":["GET"]}}],"collection":[{"href":"https:\/\/ferrepuertochile.cl\/index.php\/wp-json\/wp\/v2\/product"}],"about":[{"href":"https:\/\/ferrepuertochile.cl\/index.php\/wp-json\/wp\/v2\/types\/product"}],"wp:featuredmedia":[{"embeddable":true,"href":"https:\/\/ferrepuertochile.cl\/index.php\/wp-json\/wp\/v2\/media\/11069"}],"wp:attachment":[{"href":"https:\/\/ferrepuertochile.cl\/index.php\/wp-json\/wp\/v2\/media?parent=11068"}],"wp:term":[{"taxonomy":"product_brand","embeddable":true,"href":"https:\/\/ferrepuertochile.cl\/index.php\/wp-json\/wp\/v2\/product_brand?post=11068"},{"taxonomy":"product_cat","embeddable":true,"href":"https:\/\/ferrepuertochile.cl\/index.php\/wp-json\/wp\/v2\/product_cat?post=11068"},{"taxonomy":"product_tag","embeddable":true,"href":"https:\/\/ferrepuertochile.cl\/index.php\/wp-json\/wp\/v2\/product_tag?post=11068"}],"curies":[{"name":"wp","href":"https:\/\/api.w.org\/{rel}","templated":true}]}}