{"id":11059,"date":"2024-07-29T11:17:51","date_gmt":"2024-07-29T14:17:51","guid":{"rendered":"https:\/\/ferrepuertochile.cl\/?post_type=product&#038;p=11059"},"modified":"2025-03-10T12:05:29","modified_gmt":"2025-03-10T15:05:29","slug":"guante-de-cabritilla-sin-forro-cromo-l200-talla-unica-lioi","status":"publish","type":"product","link":"https:\/\/ferrepuertochile.cl\/index.php\/producto\/guante-de-cabritilla-sin-forro-cromo-l200-talla-unica-lioi\/","title":{"rendered":"Guante Multiprotec Flex L-1201 Palma Latex Talla \u00danica Lioi"},"content":{"rendered":"<p>El Guante multiprotec flex L-1201 con palma de l\u00e1tex es un tipo de guante dise\u00f1ado para ofrecer protecci\u00f3n, agarre y confort en una variedad de aplicaciones.\u00a0 De talla \u00fanica, dise\u00f1ados para adaptarse a una amplia gama de tama\u00f1os de manos<span style=\"letter-spacing: 0em\">. Marca Lioli.<\/span><\/p>\n","protected":false},"excerpt":{"rendered":"<p>El Guante multiprotec flex L-1201 con palma de l\u00e1tex es un tipo de guante dise\u00f1ado para ofrecer protecci\u00f3n, agarre y confort en una variedad de aplicaciones.\u00a0 De talla \u00fanica, dise\u00f1ados para adaptarse a una amplia gama de tama\u00f1os de manos. Marca Lioli.<\/p>\n","protected":false},"featured_media":11063,"template":"","meta":[],"product_brand":[],"product_cat":[196],"product_tag":[],"class_list":{"0":"post-11059","1":"product","2":"type-product","3":"status-publish","4":"has-post-thumbnail","6":"product_cat-proteccion-de-manos","8":"first","9":"instock","10":"shipping-taxable","11":"purchasable","12":"product-type-simple"},"_links":{"self":[{"href":"https:\/\/ferrepuertochile.cl\/index.php\/wp-json\/wp\/v2\/product\/11059","targetHints":{"allow":["GET"]}}],"collection":[{"href":"https:\/\/ferrepuertochile.cl\/index.php\/wp-json\/wp\/v2\/product"}],"about":[{"href":"https:\/\/ferrepuertochile.cl\/index.php\/wp-json\/wp\/v2\/types\/product"}],"wp:featuredmedia":[{"embeddable":true,"href":"https:\/\/ferrepuertochile.cl\/index.php\/wp-json\/wp\/v2\/media\/11063"}],"wp:attachment":[{"href":"https:\/\/ferrepuertochile.cl\/index.php\/wp-json\/wp\/v2\/media?parent=11059"}],"wp:term":[{"taxonomy":"product_brand","embeddable":true,"href":"https:\/\/ferrepuertochile.cl\/index.php\/wp-json\/wp\/v2\/product_brand?post=11059"},{"taxonomy":"product_cat","embeddable":true,"href":"https:\/\/ferrepuertochile.cl\/index.php\/wp-json\/wp\/v2\/product_cat?post=11059"},{"taxonomy":"product_tag","embeddable":true,"href":"https:\/\/ferrepuertochile.cl\/index.php\/wp-json\/wp\/v2\/product_tag?post=11059"}],"curies":[{"name":"wp","href":"https:\/\/api.w.org\/{rel}","templated":true}]}}