{"id":11054,"date":"2024-07-29T11:03:38","date_gmt":"2024-07-29T14:03:38","guid":{"rendered":"https:\/\/ferrepuertochile.cl\/?post_type=product&#038;p=11054"},"modified":"2025-03-10T12:05:29","modified_gmt":"2025-03-10T15:05:29","slug":"rodillera-acolchada-kbeen","status":"publish","type":"product","link":"https:\/\/ferrepuertochile.cl\/index.php\/producto\/rodillera-acolchada-kbeen\/","title":{"rendered":"Rodillera Acolchada Kbeen"},"content":{"rendered":"<p>Rodillera fabricada en poli\u00e9ster acolchado con una capa de poliuretano, concha de PVC moldeado con ojetillos met\u00e1licos, suaves y flexibles, se ajuntan a cualquier tama\u00f1o de usuario mediante cintas elasticada con cierre velcro. Marca Kbeen.<\/p>\n","protected":false},"excerpt":{"rendered":"<p>Rodillera fabricada en poli\u00e9ster acolchado con una capa de poliuretano, concha de PVC moldeado con ojetillos met\u00e1licos, suaves y flexibles, se ajuntan a cualquier tama\u00f1o de usuario mediante cintas elasticada con cierre velcro. Marca Kbeen.<\/p>\n","protected":false},"featured_media":11055,"template":"","meta":[],"product_brand":[],"product_cat":[194],"product_tag":[],"class_list":{"0":"post-11054","1":"product","2":"type-product","3":"status-publish","4":"has-post-thumbnail","6":"product_cat-proteccion-personal","8":"first","9":"instock","10":"shipping-taxable","11":"purchasable","12":"product-type-simple"},"_links":{"self":[{"href":"https:\/\/ferrepuertochile.cl\/index.php\/wp-json\/wp\/v2\/product\/11054","targetHints":{"allow":["GET"]}}],"collection":[{"href":"https:\/\/ferrepuertochile.cl\/index.php\/wp-json\/wp\/v2\/product"}],"about":[{"href":"https:\/\/ferrepuertochile.cl\/index.php\/wp-json\/wp\/v2\/types\/product"}],"wp:featuredmedia":[{"embeddable":true,"href":"https:\/\/ferrepuertochile.cl\/index.php\/wp-json\/wp\/v2\/media\/11055"}],"wp:attachment":[{"href":"https:\/\/ferrepuertochile.cl\/index.php\/wp-json\/wp\/v2\/media?parent=11054"}],"wp:term":[{"taxonomy":"product_brand","embeddable":true,"href":"https:\/\/ferrepuertochile.cl\/index.php\/wp-json\/wp\/v2\/product_brand?post=11054"},{"taxonomy":"product_cat","embeddable":true,"href":"https:\/\/ferrepuertochile.cl\/index.php\/wp-json\/wp\/v2\/product_cat?post=11054"},{"taxonomy":"product_tag","embeddable":true,"href":"https:\/\/ferrepuertochile.cl\/index.php\/wp-json\/wp\/v2\/product_tag?post=11054"}],"curies":[{"name":"wp","href":"https:\/\/api.w.org\/{rel}","templated":true}]}}