{"id":11052,"date":"2024-07-29T10:58:16","date_gmt":"2024-07-29T13:58:16","guid":{"rendered":"https:\/\/ferrepuertochile.cl\/?post_type=product&#038;p=11052"},"modified":"2025-03-10T12:05:29","modified_gmt":"2025-03-10T15:05:29","slug":"lente-daumer-l400-gris-lioi","status":"publish","type":"product","link":"https:\/\/ferrepuertochile.cl\/index.php\/producto\/lente-daumer-l400-gris-lioi\/","title":{"rendered":"Lente Daumer L400 Gris Lioi"},"content":{"rendered":"<p>Lente Daumer L400, Marco tricolor y lunetas fabricadas en Policarbonato de alta resistencia, brazos retr\u00e1ctiles con cord\u00f3n, protecci\u00f3n lateral extra integrada en las lunetas, puente nasal universal, filtro UV, tratamiento anti-rayadura y anti-empa\u00f1ante, resistente al impacto acorde norma ANSI Z87.1. Disponible en color claro y gris. Marca Lioli.<\/p>\n","protected":false},"excerpt":{"rendered":"<p>Lente Daumer L400, Marco tricolor y lunetas fabricadas en Policarbonato de alta resistencia, brazos retr\u00e1ctiles con cord\u00f3n, protecci\u00f3n lateral extra integrada en las lunetas, puente nasal universal, filtro UV, tratamiento anti-rayadura y anti-empa\u00f1ante, resistente al impacto acorde norma ANSI Z87.1. Disponible en color claro y gris. Marca Lioli.<\/p>\n","protected":false},"featured_media":11053,"template":"","meta":[],"product_brand":[],"product_cat":[197],"product_tag":[],"class_list":{"0":"post-11052","1":"product","2":"type-product","3":"status-publish","4":"has-post-thumbnail","6":"product_cat-proteccion-de-ojos","8":"first","9":"instock","10":"shipping-taxable","11":"purchasable","12":"product-type-simple"},"_links":{"self":[{"href":"https:\/\/ferrepuertochile.cl\/index.php\/wp-json\/wp\/v2\/product\/11052","targetHints":{"allow":["GET"]}}],"collection":[{"href":"https:\/\/ferrepuertochile.cl\/index.php\/wp-json\/wp\/v2\/product"}],"about":[{"href":"https:\/\/ferrepuertochile.cl\/index.php\/wp-json\/wp\/v2\/types\/product"}],"wp:featuredmedia":[{"embeddable":true,"href":"https:\/\/ferrepuertochile.cl\/index.php\/wp-json\/wp\/v2\/media\/11053"}],"wp:attachment":[{"href":"https:\/\/ferrepuertochile.cl\/index.php\/wp-json\/wp\/v2\/media?parent=11052"}],"wp:term":[{"taxonomy":"product_brand","embeddable":true,"href":"https:\/\/ferrepuertochile.cl\/index.php\/wp-json\/wp\/v2\/product_brand?post=11052"},{"taxonomy":"product_cat","embeddable":true,"href":"https:\/\/ferrepuertochile.cl\/index.php\/wp-json\/wp\/v2\/product_cat?post=11052"},{"taxonomy":"product_tag","embeddable":true,"href":"https:\/\/ferrepuertochile.cl\/index.php\/wp-json\/wp\/v2\/product_tag?post=11052"}],"curies":[{"name":"wp","href":"https:\/\/api.w.org\/{rel}","templated":true}]}}