{"id":11018,"date":"2024-07-26T17:21:57","date_gmt":"2024-07-26T20:21:57","guid":{"rendered":"https:\/\/ferrepuertochile.cl\/?post_type=product&#038;p=11018"},"modified":"2025-03-10T12:05:28","modified_gmt":"2025-03-10T15:05:28","slug":"guia-para-porton-simple-126mm-lioi","status":"publish","type":"product","link":"https:\/\/ferrepuertochile.cl\/index.php\/producto\/guia-para-porton-simple-126mm-lioi\/","title":{"rendered":"Gu\u00eda Para Port\u00f3n Simple 126 Mm Lioi"},"content":{"rendered":"<p>La gu\u00eda para port\u00f3n simple de 126 mm es crucial para asegurar el correcto funcionamiento de un port\u00f3n corredizo, proporcion\u00e1ndole un trayecto estable y sin problemas. Marca Lioi.<\/p>\n","protected":false},"excerpt":{"rendered":"<p>La gu\u00eda para port\u00f3n simple de 126 mm es crucial para asegurar el correcto funcionamiento de un port\u00f3n corredizo, proporcion\u00e1ndole un trayecto estable y sin problemas. Marca Lioi.<\/p>\n","protected":false},"featured_media":11019,"template":"","meta":[],"product_brand":[],"product_cat":[172],"product_tag":[],"class_list":{"0":"post-11018","1":"product","2":"type-product","3":"status-publish","4":"has-post-thumbnail","6":"product_cat-cerraduras-y-quincalleria","8":"first","9":"instock","10":"shipping-taxable","11":"purchasable","12":"product-type-simple"},"_links":{"self":[{"href":"https:\/\/ferrepuertochile.cl\/index.php\/wp-json\/wp\/v2\/product\/11018","targetHints":{"allow":["GET"]}}],"collection":[{"href":"https:\/\/ferrepuertochile.cl\/index.php\/wp-json\/wp\/v2\/product"}],"about":[{"href":"https:\/\/ferrepuertochile.cl\/index.php\/wp-json\/wp\/v2\/types\/product"}],"wp:featuredmedia":[{"embeddable":true,"href":"https:\/\/ferrepuertochile.cl\/index.php\/wp-json\/wp\/v2\/media\/11019"}],"wp:attachment":[{"href":"https:\/\/ferrepuertochile.cl\/index.php\/wp-json\/wp\/v2\/media?parent=11018"}],"wp:term":[{"taxonomy":"product_brand","embeddable":true,"href":"https:\/\/ferrepuertochile.cl\/index.php\/wp-json\/wp\/v2\/product_brand?post=11018"},{"taxonomy":"product_cat","embeddable":true,"href":"https:\/\/ferrepuertochile.cl\/index.php\/wp-json\/wp\/v2\/product_cat?post=11018"},{"taxonomy":"product_tag","embeddable":true,"href":"https:\/\/ferrepuertochile.cl\/index.php\/wp-json\/wp\/v2\/product_tag?post=11018"}],"curies":[{"name":"wp","href":"https:\/\/api.w.org\/{rel}","templated":true}]}}