{"id":10983,"date":"2024-07-26T12:00:15","date_gmt":"2024-07-26T15:00:15","guid":{"rendered":"https:\/\/ferrepuertochile.cl\/?post_type=product&#038;p=10983"},"modified":"2024-07-30T15:31:53","modified_gmt":"2024-07-30T18:31:53","slug":"copla-compresion-hdpe-20mm-tigre","status":"publish","type":"product","link":"https:\/\/ferrepuertochile.cl\/index.php\/producto\/copla-compresion-hdpe-20mm-tigre\/","title":{"rendered":"Copla Compresi\u00f3n HDPE 20 Mm Tigre"},"content":{"rendered":"<p>Conector utilizado en sistemas de tuber\u00edas, especialmente en aplicaciones que requieren una conexi\u00f3n segura y estanca entre tuber\u00edas de polietileno de alta densidad. Marca Tigre.<\/p>\n","protected":false},"excerpt":{"rendered":"<p>Conector utilizado en sistemas de tuber\u00edas, especialmente en aplicaciones que requieren una conexi\u00f3n segura y estanca entre tuber\u00edas de polietileno de alta densidad. Marca Tigre.<\/p>\n","protected":false},"featured_media":10984,"template":"","meta":[],"product_brand":[],"product_cat":[212],"product_tag":[],"class_list":{"0":"post-10983","1":"product","2":"type-product","3":"status-publish","4":"has-post-thumbnail","6":"product_cat-fitting-hdpe","8":"first","9":"outofstock","10":"shipping-taxable","11":"purchasable","12":"product-type-simple"},"_links":{"self":[{"href":"https:\/\/ferrepuertochile.cl\/index.php\/wp-json\/wp\/v2\/product\/10983","targetHints":{"allow":["GET"]}}],"collection":[{"href":"https:\/\/ferrepuertochile.cl\/index.php\/wp-json\/wp\/v2\/product"}],"about":[{"href":"https:\/\/ferrepuertochile.cl\/index.php\/wp-json\/wp\/v2\/types\/product"}],"wp:featuredmedia":[{"embeddable":true,"href":"https:\/\/ferrepuertochile.cl\/index.php\/wp-json\/wp\/v2\/media\/10984"}],"wp:attachment":[{"href":"https:\/\/ferrepuertochile.cl\/index.php\/wp-json\/wp\/v2\/media?parent=10983"}],"wp:term":[{"taxonomy":"product_brand","embeddable":true,"href":"https:\/\/ferrepuertochile.cl\/index.php\/wp-json\/wp\/v2\/product_brand?post=10983"},{"taxonomy":"product_cat","embeddable":true,"href":"https:\/\/ferrepuertochile.cl\/index.php\/wp-json\/wp\/v2\/product_cat?post=10983"},{"taxonomy":"product_tag","embeddable":true,"href":"https:\/\/ferrepuertochile.cl\/index.php\/wp-json\/wp\/v2\/product_tag?post=10983"}],"curies":[{"name":"wp","href":"https:\/\/api.w.org\/{rel}","templated":true}]}}