{"id":10981,"date":"2024-07-26T11:54:41","date_gmt":"2024-07-26T14:54:41","guid":{"rendered":"https:\/\/ferrepuertochile.cl\/?post_type=product&#038;p=10981"},"modified":"2024-07-30T15:33:01","modified_gmt":"2024-07-30T18:33:01","slug":"copla-compresion-25-mm-hdpe-plansa-polietileno-3-4-pulgadas","status":"publish","type":"product","link":"https:\/\/ferrepuertochile.cl\/index.php\/producto\/copla-compresion-25-mm-hdpe-plansa-polietileno-3-4-pulgadas\/","title":{"rendered":"Copla Compresi\u00f3n 25 Mm HDPE Plansa Polietileno 3\/4&#8243;"},"content":{"rendered":"<p>Las piezas especiales de compresi\u00f3n, son la uni\u00f3n entre una pieza y una tuber\u00eda mediante un acople manual por medio de un sistema de compresi\u00f3n.<\/p>\n<p>Disponibles para uniones entre tuber\u00edas de HDPE o conexi\u00f3n a otros materiales (PVC, acero galvanizado o cualquier conector con hilo BSP).<\/p>\n<p>Las piezas de compresi\u00f3n poseen la ventaja de que para realizar montaje no es necesario desarmar el fitting: es f\u00e1cil, r\u00e1pida y de segura instalaci\u00f3n. Pueden ser reutilizados ya que no es necesario cortar la tuber\u00eda ni el fitting para su desacople.<\/p>\n<p>Ideales para la conducci\u00f3n de fluidos en presi\u00f3n y para trabajos en condiciones extremas.\u00a0Marca Tigre.<\/p>\n","protected":false},"excerpt":{"rendered":"<p>Las piezas especiales de compresi\u00f3n, son la uni\u00f3n entre una pieza y una tuber\u00eda mediante un acople manual por medio de un sistema de compresi\u00f3n. Disponibles para uniones entre tuber\u00edas de HDPE o conexi\u00f3n a otros materiales (PVC, acero galvanizado o cualquier conector con hilo BSP). Las piezas de compresi\u00f3n poseen la ventaja de que&#8230;<\/p>\n","protected":false},"featured_media":10982,"template":"","meta":[],"product_brand":[],"product_cat":[212],"product_tag":[],"class_list":{"0":"post-10981","1":"product","2":"type-product","3":"status-publish","4":"has-post-thumbnail","6":"product_cat-fitting-hdpe","8":"first","9":"outofstock","10":"shipping-taxable","11":"purchasable","12":"product-type-simple"},"_links":{"self":[{"href":"https:\/\/ferrepuertochile.cl\/index.php\/wp-json\/wp\/v2\/product\/10981","targetHints":{"allow":["GET"]}}],"collection":[{"href":"https:\/\/ferrepuertochile.cl\/index.php\/wp-json\/wp\/v2\/product"}],"about":[{"href":"https:\/\/ferrepuertochile.cl\/index.php\/wp-json\/wp\/v2\/types\/product"}],"wp:featuredmedia":[{"embeddable":true,"href":"https:\/\/ferrepuertochile.cl\/index.php\/wp-json\/wp\/v2\/media\/10982"}],"wp:attachment":[{"href":"https:\/\/ferrepuertochile.cl\/index.php\/wp-json\/wp\/v2\/media?parent=10981"}],"wp:term":[{"taxonomy":"product_brand","embeddable":true,"href":"https:\/\/ferrepuertochile.cl\/index.php\/wp-json\/wp\/v2\/product_brand?post=10981"},{"taxonomy":"product_cat","embeddable":true,"href":"https:\/\/ferrepuertochile.cl\/index.php\/wp-json\/wp\/v2\/product_cat?post=10981"},{"taxonomy":"product_tag","embeddable":true,"href":"https:\/\/ferrepuertochile.cl\/index.php\/wp-json\/wp\/v2\/product_tag?post=10981"}],"curies":[{"name":"wp","href":"https:\/\/api.w.org\/{rel}","templated":true}]}}