{"id":10958,"date":"2024-07-25T17:01:17","date_gmt":"2024-07-25T20:01:17","guid":{"rendered":"https:\/\/ferrepuertochile.cl\/?post_type=product&#038;p=10958"},"modified":"2025-03-10T12:05:27","modified_gmt":"2025-03-10T15:05:27","slug":"tesamoll-liston-rigido-cafe-1mt-x-15mm-bajopuertas-tesa","status":"publish","type":"product","link":"https:\/\/ferrepuertochile.cl\/index.php\/producto\/tesamoll-liston-rigido-cafe-1mt-x-15mm-bajopuertas-tesa\/","title":{"rendered":"Tesamoll List\u00f3n R\u00edgido, Caf\u00e9 1 Mt X 15 Mm (Bajo puertas) Tesa"},"content":{"rendered":"<p>Liston Caf\u00e9 Tesamoll 1MT X 15MM. Burlete en formato cepillo para el umbral de las puertas. Especial para suelos con alfombra o moqueta. Marca Tesa.<\/p>\n","protected":false},"excerpt":{"rendered":"<p>Liston Caf\u00e9 Tesamoll 1MT X 15MM. Burlete en formato cepillo para el umbral de las puertas. Especial para suelos con alfombra o moqueta. Marca Tesa.<\/p>\n","protected":false},"featured_media":10957,"template":"","meta":[],"product_brand":[],"product_cat":[372],"product_tag":[],"class_list":{"0":"post-10958","1":"product","2":"type-product","3":"status-publish","4":"has-post-thumbnail","6":"product_cat-puertas-y-ventanas","8":"first","9":"instock","10":"shipping-taxable","11":"purchasable","12":"product-type-simple"},"_links":{"self":[{"href":"https:\/\/ferrepuertochile.cl\/index.php\/wp-json\/wp\/v2\/product\/10958","targetHints":{"allow":["GET"]}}],"collection":[{"href":"https:\/\/ferrepuertochile.cl\/index.php\/wp-json\/wp\/v2\/product"}],"about":[{"href":"https:\/\/ferrepuertochile.cl\/index.php\/wp-json\/wp\/v2\/types\/product"}],"wp:featuredmedia":[{"embeddable":true,"href":"https:\/\/ferrepuertochile.cl\/index.php\/wp-json\/wp\/v2\/media\/10957"}],"wp:attachment":[{"href":"https:\/\/ferrepuertochile.cl\/index.php\/wp-json\/wp\/v2\/media?parent=10958"}],"wp:term":[{"taxonomy":"product_brand","embeddable":true,"href":"https:\/\/ferrepuertochile.cl\/index.php\/wp-json\/wp\/v2\/product_brand?post=10958"},{"taxonomy":"product_cat","embeddable":true,"href":"https:\/\/ferrepuertochile.cl\/index.php\/wp-json\/wp\/v2\/product_cat?post=10958"},{"taxonomy":"product_tag","embeddable":true,"href":"https:\/\/ferrepuertochile.cl\/index.php\/wp-json\/wp\/v2\/product_tag?post=10958"}],"curies":[{"name":"wp","href":"https:\/\/api.w.org\/{rel}","templated":true}]}}