{"id":10947,"date":"2024-07-25T16:35:35","date_gmt":"2024-07-25T19:35:35","guid":{"rendered":"https:\/\/ferrepuertochile.cl\/?post_type=product&#038;p=10947"},"modified":"2025-03-10T12:05:27","modified_gmt":"2025-03-10T15:05:27","slug":"tesamoll-doble-rollo-cafe-bajo-puertas-tesa","status":"publish","type":"product","link":"https:\/\/ferrepuertochile.cl\/index.php\/producto\/tesamoll-doble-rollo-cafe-bajo-puertas-tesa\/","title":{"rendered":"Tesamoll Doble Rollo Caf\u00e9 (Bajo Puertas) Tesa"},"content":{"rendered":"<div id=\"product-description-short-207\">\n<p><span style=\"letter-spacing: 0em\"><span data-sheets-root=\"1\" data-sheets-value=\"{&quot;1&quot;:2,&quot;2&quot;:&quot;Tesamoll Doble Rollo, Gris (Bajo Puertas) Tesa&quot;}\" data-sheets-userformat=\"{&quot;2&quot;:15359,&quot;3&quot;:{&quot;1&quot;:0},&quot;4&quot;:{&quot;1&quot;:3,&quot;3&quot;:2},&quot;5&quot;:{&quot;1&quot;:[{&quot;1&quot;:2,&quot;2&quot;:0,&quot;5&quot;:{&quot;1&quot;:0}},{&quot;1&quot;:0,&quot;2&quot;:0,&quot;3&quot;:3},{&quot;1&quot;:1,&quot;2&quot;:0,&quot;4&quot;:1}]},&quot;6&quot;:{&quot;1&quot;:[{&quot;1&quot;:2,&quot;2&quot;:0,&quot;5&quot;:{&quot;1&quot;:0}},{&quot;1&quot;:0,&quot;2&quot;:0,&quot;3&quot;:3},{&quot;1&quot;:1,&quot;2&quot;:0,&quot;4&quot;:1}]},&quot;7&quot;:{&quot;1&quot;:[{&quot;1&quot;:2,&quot;2&quot;:0,&quot;5&quot;:{&quot;1&quot;:0}},{&quot;1&quot;:0,&quot;2&quot;:0,&quot;3&quot;:3},{&quot;1&quot;:1,&quot;2&quot;:0,&quot;4&quot;:1}]},&quot;8&quot;:{&quot;1&quot;:[{&quot;1&quot;:2,&quot;2&quot;:0,&quot;5&quot;:{&quot;1&quot;:0}},{&quot;1&quot;:0,&quot;2&quot;:0,&quot;3&quot;:3},{&quot;1&quot;:1,&quot;2&quot;:0,&quot;4&quot;:1}]},&quot;9&quot;:0,&quot;10&quot;:1,&quot;11&quot;:4,&quot;12&quot;:0,&quot;14&quot;:{&quot;1&quot;:3,&quot;3&quot;:1},&quot;15&quot;:&quot;Calibri&quot;,&quot;16&quot;:11}\">El doble rollo aislante de tesamoll es un burlete no adhesivo para puertas aislando la temperatura interior de la exterior del hogar.<br \/>\nSolo ha de empujar al final de la puerta y sin duda permanecer\u00e1 el calor dentro del interior del hogar, aisl\u00e1ndolo del aire fr\u00edo y del polvo. Puede utilizarse durante muchos a\u00f1os y funciona con cualquier superficie lisa, tanto en el suelo de parqu\u00e9 o las baldosas. Y puede cubrir espacios de hasta 22mm de brecha entre el suelo y la puerta. Marca Tesa.<\/span><\/span><\/p>\n<p>* IMPORTANTE \/ Leer para una correcta instalaci\u00f3n \/ Leer instrucciones antes de instalar:<\/p>\n<p>1) Medir el ancho de la puerta.<br \/>\n2) Cortar el doble rollo acorde a la medida.<br \/>\n3) Deslizar el doble rollo bajo la puerta.<\/p>\n<\/div>\n","protected":false},"excerpt":{"rendered":"<p>El doble rollo aislante de tesamoll es un burlete no adhesivo para puertas aislando la temperatura interior de la exterior del hogar. Solo ha de empujar al final de la puerta y sin duda permanecer\u00e1 el calor dentro del interior del hogar, aisl\u00e1ndolo del aire fr\u00edo y del polvo. Puede utilizarse durante muchos a\u00f1os y&#8230;<\/p>\n","protected":false},"featured_media":10949,"template":"","meta":[],"product_brand":[],"product_cat":[172],"product_tag":[],"class_list":{"0":"post-10947","1":"product","2":"type-product","3":"status-publish","4":"has-post-thumbnail","6":"product_cat-cerraduras-y-quincalleria","8":"first","9":"instock","10":"shipping-taxable","11":"purchasable","12":"product-type-simple"},"_links":{"self":[{"href":"https:\/\/ferrepuertochile.cl\/index.php\/wp-json\/wp\/v2\/product\/10947","targetHints":{"allow":["GET"]}}],"collection":[{"href":"https:\/\/ferrepuertochile.cl\/index.php\/wp-json\/wp\/v2\/product"}],"about":[{"href":"https:\/\/ferrepuertochile.cl\/index.php\/wp-json\/wp\/v2\/types\/product"}],"wp:featuredmedia":[{"embeddable":true,"href":"https:\/\/ferrepuertochile.cl\/index.php\/wp-json\/wp\/v2\/media\/10949"}],"wp:attachment":[{"href":"https:\/\/ferrepuertochile.cl\/index.php\/wp-json\/wp\/v2\/media?parent=10947"}],"wp:term":[{"taxonomy":"product_brand","embeddable":true,"href":"https:\/\/ferrepuertochile.cl\/index.php\/wp-json\/wp\/v2\/product_brand?post=10947"},{"taxonomy":"product_cat","embeddable":true,"href":"https:\/\/ferrepuertochile.cl\/index.php\/wp-json\/wp\/v2\/product_cat?post=10947"},{"taxonomy":"product_tag","embeddable":true,"href":"https:\/\/ferrepuertochile.cl\/index.php\/wp-json\/wp\/v2\/product_tag?post=10947"}],"curies":[{"name":"wp","href":"https:\/\/api.w.org\/{rel}","templated":true}]}}