{"id":10939,"date":"2024-07-25T14:09:13","date_gmt":"2024-07-25T17:09:13","guid":{"rendered":"https:\/\/ferrepuertochile.cl\/?post_type=product&#038;p=10939"},"modified":"2024-07-30T15:46:59","modified_gmt":"2024-07-30T18:46:59","slug":"celosia-plastica-plana-de-23-x-23-cm-hoffens","status":"publish","type":"product","link":"https:\/\/ferrepuertochile.cl\/index.php\/producto\/celosia-plastica-plana-de-23-x-23-cm-hoffens\/","title":{"rendered":"Celos\u00eda Pl\u00e1stica Plana De 23 X 23 Cm Hoffens"},"content":{"rendered":"<div id=\"product-description-short-207\">\n<p><span style=\"letter-spacing: 0em\">Celos\u00eda de ventilaci\u00f3n fabricadas con materiales de alta resistencia y protecci\u00f3n UV. Marca Hoffens.<\/span><\/p>\n<\/div>\n","protected":false},"excerpt":{"rendered":"<p>Celos\u00eda de ventilaci\u00f3n fabricadas con materiales de alta resistencia y protecci\u00f3n UV. Marca Hoffens.<\/p>\n","protected":false},"featured_media":10940,"template":"","meta":[],"product_brand":[],"product_cat":[543],"product_tag":[],"class_list":{"0":"post-10939","1":"product","2":"type-product","3":"status-publish","4":"has-post-thumbnail","6":"product_cat-bano-y-cocina","8":"first","9":"outofstock","10":"shipping-taxable","11":"purchasable","12":"product-type-simple"},"_links":{"self":[{"href":"https:\/\/ferrepuertochile.cl\/index.php\/wp-json\/wp\/v2\/product\/10939","targetHints":{"allow":["GET"]}}],"collection":[{"href":"https:\/\/ferrepuertochile.cl\/index.php\/wp-json\/wp\/v2\/product"}],"about":[{"href":"https:\/\/ferrepuertochile.cl\/index.php\/wp-json\/wp\/v2\/types\/product"}],"wp:featuredmedia":[{"embeddable":true,"href":"https:\/\/ferrepuertochile.cl\/index.php\/wp-json\/wp\/v2\/media\/10940"}],"wp:attachment":[{"href":"https:\/\/ferrepuertochile.cl\/index.php\/wp-json\/wp\/v2\/media?parent=10939"}],"wp:term":[{"taxonomy":"product_brand","embeddable":true,"href":"https:\/\/ferrepuertochile.cl\/index.php\/wp-json\/wp\/v2\/product_brand?post=10939"},{"taxonomy":"product_cat","embeddable":true,"href":"https:\/\/ferrepuertochile.cl\/index.php\/wp-json\/wp\/v2\/product_cat?post=10939"},{"taxonomy":"product_tag","embeddable":true,"href":"https:\/\/ferrepuertochile.cl\/index.php\/wp-json\/wp\/v2\/product_tag?post=10939"}],"curies":[{"name":"wp","href":"https:\/\/api.w.org\/{rel}","templated":true}]}}