{"id":10937,"date":"2024-07-25T14:06:56","date_gmt":"2024-07-25T17:06:56","guid":{"rendered":"https:\/\/ferrepuertochile.cl\/?post_type=product&#038;p=10937"},"modified":"2025-03-10T12:05:26","modified_gmt":"2025-03-10T15:05:26","slug":"celosia-plastica-plana-de-20-x-20-cm-hoffens","status":"publish","type":"product","link":"https:\/\/ferrepuertochile.cl\/index.php\/producto\/celosia-plastica-plana-de-20-x-20-cm-hoffens\/","title":{"rendered":"Celos\u00eda Pl\u00e1stica Plana De 20 X 20 Cm Hoffens"},"content":{"rendered":"<div id=\"product-description-short-207\">\n<p><span style=\"letter-spacing: 0em\">Celos\u00eda de ventilaci\u00f3n fabricadas con materiales de alta resistencia y protecci\u00f3n UV. Marca Hoffens.<\/span><\/p>\n<\/div>\n","protected":false},"excerpt":{"rendered":"<p>Celos\u00eda de ventilaci\u00f3n fabricadas con materiales de alta resistencia y protecci\u00f3n UV. Marca Hoffens.<\/p>\n","protected":false},"featured_media":10938,"template":"","meta":[],"product_brand":[],"product_cat":[543],"product_tag":[],"class_list":{"0":"post-10937","1":"product","2":"type-product","3":"status-publish","4":"has-post-thumbnail","6":"product_cat-bano-y-cocina","8":"first","9":"instock","10":"shipping-taxable","11":"purchasable","12":"product-type-simple"},"_links":{"self":[{"href":"https:\/\/ferrepuertochile.cl\/index.php\/wp-json\/wp\/v2\/product\/10937","targetHints":{"allow":["GET"]}}],"collection":[{"href":"https:\/\/ferrepuertochile.cl\/index.php\/wp-json\/wp\/v2\/product"}],"about":[{"href":"https:\/\/ferrepuertochile.cl\/index.php\/wp-json\/wp\/v2\/types\/product"}],"wp:featuredmedia":[{"embeddable":true,"href":"https:\/\/ferrepuertochile.cl\/index.php\/wp-json\/wp\/v2\/media\/10938"}],"wp:attachment":[{"href":"https:\/\/ferrepuertochile.cl\/index.php\/wp-json\/wp\/v2\/media?parent=10937"}],"wp:term":[{"taxonomy":"product_brand","embeddable":true,"href":"https:\/\/ferrepuertochile.cl\/index.php\/wp-json\/wp\/v2\/product_brand?post=10937"},{"taxonomy":"product_cat","embeddable":true,"href":"https:\/\/ferrepuertochile.cl\/index.php\/wp-json\/wp\/v2\/product_cat?post=10937"},{"taxonomy":"product_tag","embeddable":true,"href":"https:\/\/ferrepuertochile.cl\/index.php\/wp-json\/wp\/v2\/product_tag?post=10937"}],"curies":[{"name":"wp","href":"https:\/\/api.w.org\/{rel}","templated":true}]}}