{"id":10921,"date":"2024-07-25T13:19:59","date_gmt":"2024-07-25T16:19:59","guid":{"rendered":"https:\/\/ferrepuertochile.cl\/?post_type=product&#038;p=10921"},"modified":"2025-03-10T12:05:26","modified_gmt":"2025-03-10T15:05:26","slug":"asiento-fantasia-redondo-blanco-fanaloza","status":"publish","type":"product","link":"https:\/\/ferrepuertochile.cl\/index.php\/producto\/asiento-fantasia-redondo-blanco-fanaloza\/","title":{"rendered":"Asiento Fantas\u00eda Redondo Blanco Fanaloza"},"content":{"rendered":"<div id=\"product-description-short-207\">\n<p>Asiento de fantas\u00eda, de aro redondo y con bisagras pl\u00e1sticas fijas. Es compatible con la mayor\u00eda de los sanitarios del mercado. Es de f\u00e1cil limpieza. Fabricado en polipropileno, posee una larga durabilidad. <span style=\"letter-spacing: 0em\">Marca Fanaloza.<\/span><\/p>\n<\/div>\n","protected":false},"excerpt":{"rendered":"<p>Asiento de fantas\u00eda, de aro redondo y con bisagras pl\u00e1sticas fijas. Es compatible con la mayor\u00eda de los sanitarios del mercado. Es de f\u00e1cil limpieza. Fabricado en polipropileno, posee una larga durabilidad. Marca Fanaloza.<\/p>\n","protected":false},"featured_media":10922,"template":"","meta":[],"product_brand":[],"product_cat":[543],"product_tag":[],"class_list":{"0":"post-10921","1":"product","2":"type-product","3":"status-publish","4":"has-post-thumbnail","6":"product_cat-bano-y-cocina","8":"first","9":"instock","10":"shipping-taxable","11":"purchasable","12":"product-type-simple"},"_links":{"self":[{"href":"https:\/\/ferrepuertochile.cl\/index.php\/wp-json\/wp\/v2\/product\/10921","targetHints":{"allow":["GET"]}}],"collection":[{"href":"https:\/\/ferrepuertochile.cl\/index.php\/wp-json\/wp\/v2\/product"}],"about":[{"href":"https:\/\/ferrepuertochile.cl\/index.php\/wp-json\/wp\/v2\/types\/product"}],"wp:featuredmedia":[{"embeddable":true,"href":"https:\/\/ferrepuertochile.cl\/index.php\/wp-json\/wp\/v2\/media\/10922"}],"wp:attachment":[{"href":"https:\/\/ferrepuertochile.cl\/index.php\/wp-json\/wp\/v2\/media?parent=10921"}],"wp:term":[{"taxonomy":"product_brand","embeddable":true,"href":"https:\/\/ferrepuertochile.cl\/index.php\/wp-json\/wp\/v2\/product_brand?post=10921"},{"taxonomy":"product_cat","embeddable":true,"href":"https:\/\/ferrepuertochile.cl\/index.php\/wp-json\/wp\/v2\/product_cat?post=10921"},{"taxonomy":"product_tag","embeddable":true,"href":"https:\/\/ferrepuertochile.cl\/index.php\/wp-json\/wp\/v2\/product_tag?post=10921"}],"curies":[{"name":"wp","href":"https:\/\/api.w.org\/{rel}","templated":true}]}}