{"id":10872,"date":"2024-07-25T10:56:43","date_gmt":"2024-07-25T13:56:43","guid":{"rendered":"https:\/\/ferrepuertochile.cl\/?post_type=product&#038;p=10872"},"modified":"2025-03-10T12:05:25","modified_gmt":"2025-03-10T15:05:25","slug":"unetas-14x11x1-5","status":"publish","type":"product","link":"https:\/\/ferrepuertochile.cl\/index.php\/producto\/unetas-14x11x1-5\/","title":{"rendered":"U\u00f1etas 14 X 11 X 1.5 Herramientas Del Maestro"},"content":{"rendered":"<p>U\u00f1eta de medidas 14 x 11 x 1.5, elemento que garantiza la instalaci\u00f3n en ba\u00f1os, ya que al ser elaborada con acero queda firmemente fijada a la pared, cosa muy importante considerando que el pedestal de loza solo cumple funci\u00f3n de soporte. Fabricado en acero zincado.<\/p>\n","protected":false},"excerpt":{"rendered":"<p>U\u00f1eta de medidas 14 x 11 x 1.5, elemento que garantiza la instalaci\u00f3n en ba\u00f1os, ya que al ser elaborada con acero queda firmemente fijada a la pared, cosa muy importante considerando que el pedestal de loza solo cumple funci\u00f3n de soporte. Fabricado en acero zincado.<\/p>\n","protected":false},"featured_media":10873,"template":"","meta":[],"product_brand":[],"product_cat":[543],"product_tag":[],"class_list":{"0":"post-10872","1":"product","2":"type-product","3":"status-publish","4":"has-post-thumbnail","6":"product_cat-bano-y-cocina","8":"first","9":"instock","10":"shipping-taxable","11":"purchasable","12":"product-type-simple"},"_links":{"self":[{"href":"https:\/\/ferrepuertochile.cl\/index.php\/wp-json\/wp\/v2\/product\/10872","targetHints":{"allow":["GET"]}}],"collection":[{"href":"https:\/\/ferrepuertochile.cl\/index.php\/wp-json\/wp\/v2\/product"}],"about":[{"href":"https:\/\/ferrepuertochile.cl\/index.php\/wp-json\/wp\/v2\/types\/product"}],"wp:featuredmedia":[{"embeddable":true,"href":"https:\/\/ferrepuertochile.cl\/index.php\/wp-json\/wp\/v2\/media\/10873"}],"wp:attachment":[{"href":"https:\/\/ferrepuertochile.cl\/index.php\/wp-json\/wp\/v2\/media?parent=10872"}],"wp:term":[{"taxonomy":"product_brand","embeddable":true,"href":"https:\/\/ferrepuertochile.cl\/index.php\/wp-json\/wp\/v2\/product_brand?post=10872"},{"taxonomy":"product_cat","embeddable":true,"href":"https:\/\/ferrepuertochile.cl\/index.php\/wp-json\/wp\/v2\/product_cat?post=10872"},{"taxonomy":"product_tag","embeddable":true,"href":"https:\/\/ferrepuertochile.cl\/index.php\/wp-json\/wp\/v2\/product_tag?post=10872"}],"curies":[{"name":"wp","href":"https:\/\/api.w.org\/{rel}","templated":true}]}}