{"id":10841,"date":"2024-07-24T16:40:57","date_gmt":"2024-07-24T19:40:57","guid":{"rendered":"https:\/\/ferrepuertochile.cl\/?post_type=product&#038;p=10841"},"modified":"2025-03-10T12:05:24","modified_gmt":"2025-03-10T15:05:24","slug":"cerradura-poli-cilindrica-sferaoficina-dormitorio-inoxidable-bt","status":"publish","type":"product","link":"https:\/\/ferrepuertochile.cl\/index.php\/producto\/cerradura-poli-cilindrica-sferaoficina-dormitorio-inoxidable-bt\/","title":{"rendered":"Cerradura Cil\u00edndrica Sfera Oficina\/Dormitorio Inoxidable Bt Poli"},"content":{"rendered":"<p>Cerradura cil\u00edndrica Sfera L\u00ednea 11000<br \/>\nFunci\u00f3n puerta oficina\/dormitorio<br \/>\nCon llave y bot\u00f3n de seguridad<br \/>\nPara Espesor de puerta desde 35 a 55mm<br \/>\nAcabado bronce pulido<br \/>\nCon Protecci\u00f3n antibacterial<\/p>\n","protected":false},"excerpt":{"rendered":"<p>Cerradura cil\u00edndrica Sfera L\u00ednea 11000 Funci\u00f3n puerta oficina\/dormitorio Con llave y bot\u00f3n de seguridad Para Espesor de puerta desde 35 a 55mm Acabado bronce pulido Con Protecci\u00f3n antibacterial<\/p>\n","protected":false},"featured_media":10842,"template":"","meta":[],"product_brand":[],"product_cat":[391],"product_tag":[],"class_list":{"0":"post-10841","1":"product","2":"type-product","3":"status-publish","4":"has-post-thumbnail","6":"product_cat-cerraduras-y-candados-digitales","8":"first","9":"instock","10":"shipping-taxable","11":"purchasable","12":"product-type-simple"},"_links":{"self":[{"href":"https:\/\/ferrepuertochile.cl\/index.php\/wp-json\/wp\/v2\/product\/10841","targetHints":{"allow":["GET"]}}],"collection":[{"href":"https:\/\/ferrepuertochile.cl\/index.php\/wp-json\/wp\/v2\/product"}],"about":[{"href":"https:\/\/ferrepuertochile.cl\/index.php\/wp-json\/wp\/v2\/types\/product"}],"wp:featuredmedia":[{"embeddable":true,"href":"https:\/\/ferrepuertochile.cl\/index.php\/wp-json\/wp\/v2\/media\/10842"}],"wp:attachment":[{"href":"https:\/\/ferrepuertochile.cl\/index.php\/wp-json\/wp\/v2\/media?parent=10841"}],"wp:term":[{"taxonomy":"product_brand","embeddable":true,"href":"https:\/\/ferrepuertochile.cl\/index.php\/wp-json\/wp\/v2\/product_brand?post=10841"},{"taxonomy":"product_cat","embeddable":true,"href":"https:\/\/ferrepuertochile.cl\/index.php\/wp-json\/wp\/v2\/product_cat?post=10841"},{"taxonomy":"product_tag","embeddable":true,"href":"https:\/\/ferrepuertochile.cl\/index.php\/wp-json\/wp\/v2\/product_tag?post=10841"}],"curies":[{"name":"wp","href":"https:\/\/api.w.org\/{rel}","templated":true}]}}