{"id":10825,"date":"2024-07-24T14:37:01","date_gmt":"2024-07-24T17:37:01","guid":{"rendered":"https:\/\/ferrepuertochile.cl\/?post_type=product&#038;p=10825"},"modified":"2025-03-10T12:05:24","modified_gmt":"2025-03-10T15:05:24","slug":"rex-adh-sellagoteras-butilico-cartucho-300-ml","status":"publish","type":"product","link":"https:\/\/ferrepuertochile.cl\/index.php\/producto\/rex-adh-sellagoteras-butilico-cartucho-300-ml\/","title":{"rendered":"Adhesivo Tapagoteras But\u00edlico Cartucho 300 Ml Rex"},"content":{"rendered":"<p>Sellante a base de caucho, resinas especiales y solventes. Contenido 300 ml. Sellante el\u00e1stico but\u00edlico. No escurre, es pintable y de f\u00e1cil aplicaci\u00f3n. Se utiliza como sellante en encuentros de hojalater\u00eda, ductos, canales y como tapagoteras en techumbre, chimeneas y muros. Ideal para zincalum, fibrocemento y hojalater\u00eda en general.<\/p>\n<p>Contenido 300 gramos, marca Rex.<\/p>\n<p>&nbsp;<\/p>\n","protected":false},"excerpt":{"rendered":"<p>Sellante a base de caucho, resinas especiales y solventes. Contenido 300 ml. Sellante el\u00e1stico but\u00edlico. No escurre, es pintable y de f\u00e1cil aplicaci\u00f3n. Se utiliza como sellante en encuentros de hojalater\u00eda, ductos, canales y como tapagoteras en techumbre, chimeneas y muros. Ideal para zincalum, fibrocemento y hojalater\u00eda en general. Contenido 300 gramos, marca Rex. &nbsp;<\/p>\n","protected":false},"featured_media":10826,"template":"","meta":[],"product_brand":[],"product_cat":[360,357,362],"product_tag":[],"class_list":{"0":"post-10825","1":"product","2":"type-product","3":"status-publish","4":"has-post-thumbnail","6":"product_cat-selladores","7":"product_cat-siliconas-y-selladores","8":"product_cat-tapagoteras","10":"first","11":"instock","12":"shipping-taxable","13":"purchasable","14":"product-type-simple"},"_links":{"self":[{"href":"https:\/\/ferrepuertochile.cl\/index.php\/wp-json\/wp\/v2\/product\/10825","targetHints":{"allow":["GET"]}}],"collection":[{"href":"https:\/\/ferrepuertochile.cl\/index.php\/wp-json\/wp\/v2\/product"}],"about":[{"href":"https:\/\/ferrepuertochile.cl\/index.php\/wp-json\/wp\/v2\/types\/product"}],"wp:featuredmedia":[{"embeddable":true,"href":"https:\/\/ferrepuertochile.cl\/index.php\/wp-json\/wp\/v2\/media\/10826"}],"wp:attachment":[{"href":"https:\/\/ferrepuertochile.cl\/index.php\/wp-json\/wp\/v2\/media?parent=10825"}],"wp:term":[{"taxonomy":"product_brand","embeddable":true,"href":"https:\/\/ferrepuertochile.cl\/index.php\/wp-json\/wp\/v2\/product_brand?post=10825"},{"taxonomy":"product_cat","embeddable":true,"href":"https:\/\/ferrepuertochile.cl\/index.php\/wp-json\/wp\/v2\/product_cat?post=10825"},{"taxonomy":"product_tag","embeddable":true,"href":"https:\/\/ferrepuertochile.cl\/index.php\/wp-json\/wp\/v2\/product_tag?post=10825"}],"curies":[{"name":"wp","href":"https:\/\/api.w.org\/{rel}","templated":true}]}}