{"id":10821,"date":"2024-07-24T14:24:47","date_gmt":"2024-07-24T17:24:47","guid":{"rendered":"https:\/\/ferrepuertochile.cl\/?post_type=product&#038;p=10821"},"modified":"2025-03-10T12:05:24","modified_gmt":"2025-03-10T15:05:24","slug":"sika-tapagoteras-gris-cart-300-ml","status":"publish","type":"product","link":"https:\/\/ferrepuertochile.cl\/index.php\/producto\/sika-tapagoteras-gris-cart-300-ml\/","title":{"rendered":"Tapagoteras + Gris Cartucho 300 Ml Sika"},"content":{"rendered":"<p>Pasta sellante acr\u00edlica monocomponente de f\u00e1cil de aplicaci\u00f3n. Basado en emulsi\u00f3n acr\u00edlica, cura en contacto con la humedad ambiente, formando un sello impermeable de buena elasticidad.<\/p>\n<p>Contenido 300 ml, marca Sika.<\/p>\n<p>&nbsp;<\/p>\n","protected":false},"excerpt":{"rendered":"<p>Pasta sellante acr\u00edlica monocomponente de f\u00e1cil de aplicaci\u00f3n. Basado en emulsi\u00f3n acr\u00edlica, cura en contacto con la humedad ambiente, formando un sello impermeable de buena elasticidad. Contenido 300 ml, marca Sika. &nbsp;<\/p>\n","protected":false},"featured_media":10822,"template":"","meta":[],"product_brand":[],"product_cat":[360,357],"product_tag":[],"class_list":{"0":"post-10821","1":"product","2":"type-product","3":"status-publish","4":"has-post-thumbnail","6":"product_cat-selladores","7":"product_cat-siliconas-y-selladores","9":"first","10":"instock","11":"shipping-taxable","12":"purchasable","13":"product-type-simple"},"_links":{"self":[{"href":"https:\/\/ferrepuertochile.cl\/index.php\/wp-json\/wp\/v2\/product\/10821","targetHints":{"allow":["GET"]}}],"collection":[{"href":"https:\/\/ferrepuertochile.cl\/index.php\/wp-json\/wp\/v2\/product"}],"about":[{"href":"https:\/\/ferrepuertochile.cl\/index.php\/wp-json\/wp\/v2\/types\/product"}],"wp:featuredmedia":[{"embeddable":true,"href":"https:\/\/ferrepuertochile.cl\/index.php\/wp-json\/wp\/v2\/media\/10822"}],"wp:attachment":[{"href":"https:\/\/ferrepuertochile.cl\/index.php\/wp-json\/wp\/v2\/media?parent=10821"}],"wp:term":[{"taxonomy":"product_brand","embeddable":true,"href":"https:\/\/ferrepuertochile.cl\/index.php\/wp-json\/wp\/v2\/product_brand?post=10821"},{"taxonomy":"product_cat","embeddable":true,"href":"https:\/\/ferrepuertochile.cl\/index.php\/wp-json\/wp\/v2\/product_cat?post=10821"},{"taxonomy":"product_tag","embeddable":true,"href":"https:\/\/ferrepuertochile.cl\/index.php\/wp-json\/wp\/v2\/product_tag?post=10821"}],"curies":[{"name":"wp","href":"https:\/\/api.w.org\/{rel}","templated":true}]}}