{"id":10817,"date":"2024-07-24T14:16:50","date_gmt":"2024-07-24T17:16:50","guid":{"rendered":"https:\/\/ferrepuertochile.cl\/?post_type=product&#038;p=10817"},"modified":"2025-03-10T12:05:24","modified_gmt":"2025-03-10T15:05:24","slug":"rex-silicona-neutra-gris-techo-canale-cartucho-300-ml","status":"publish","type":"product","link":"https:\/\/ferrepuertochile.cl\/index.php\/producto\/rex-silicona-neutra-gris-techo-canale-cartucho-300-ml\/","title":{"rendered":"Silicona Neutra Gris Techo Canal Cartucho 300 Ml Rex"},"content":{"rendered":"<p>Rex Silicona Neutra Gris es un sellador tixotr\u00f3pico monocomponente, posee anti-hongo y de curaci\u00f3n neutra. Su curado ocurre a temperatura ambiente y comienza inmediatamente con la exposici\u00f3n a la humedad del aire. Rex Silicona Neutra ofrece excelentes propiedades de resistencia a la intemperie, una excelente adhesi\u00f3n. Rex Silicona Neutra es ampliamente utilizado en la construcci\u00f3n y decoraci\u00f3n familiar para juntas de juntas y sellado entre vidrio, cer\u00e1mica, madera, aleaciones de aluminio, etc.<\/p>\n<p>Contenido 300 ml, marca Rex.<\/p>\n<p>&nbsp;<\/p>\n","protected":false},"excerpt":{"rendered":"<p>Rex Silicona Neutra Gris es un sellador tixotr\u00f3pico monocomponente, posee anti-hongo y de curaci\u00f3n neutra. Su curado ocurre a temperatura ambiente y comienza inmediatamente con la exposici\u00f3n a la humedad del aire. Rex Silicona Neutra ofrece excelentes propiedades de resistencia a la intemperie, una excelente adhesi\u00f3n. Rex Silicona Neutra es ampliamente utilizado en la construcci\u00f3n&#8230;<\/p>\n","protected":false},"featured_media":10818,"template":"","meta":[],"product_brand":[],"product_cat":[361,357],"product_tag":[],"class_list":{"0":"post-10817","1":"product","2":"type-product","3":"status-publish","4":"has-post-thumbnail","6":"product_cat-siliconas","7":"product_cat-siliconas-y-selladores","9":"first","10":"instock","11":"shipping-taxable","12":"purchasable","13":"product-type-simple"},"_links":{"self":[{"href":"https:\/\/ferrepuertochile.cl\/index.php\/wp-json\/wp\/v2\/product\/10817","targetHints":{"allow":["GET"]}}],"collection":[{"href":"https:\/\/ferrepuertochile.cl\/index.php\/wp-json\/wp\/v2\/product"}],"about":[{"href":"https:\/\/ferrepuertochile.cl\/index.php\/wp-json\/wp\/v2\/types\/product"}],"wp:featuredmedia":[{"embeddable":true,"href":"https:\/\/ferrepuertochile.cl\/index.php\/wp-json\/wp\/v2\/media\/10818"}],"wp:attachment":[{"href":"https:\/\/ferrepuertochile.cl\/index.php\/wp-json\/wp\/v2\/media?parent=10817"}],"wp:term":[{"taxonomy":"product_brand","embeddable":true,"href":"https:\/\/ferrepuertochile.cl\/index.php\/wp-json\/wp\/v2\/product_brand?post=10817"},{"taxonomy":"product_cat","embeddable":true,"href":"https:\/\/ferrepuertochile.cl\/index.php\/wp-json\/wp\/v2\/product_cat?post=10817"},{"taxonomy":"product_tag","embeddable":true,"href":"https:\/\/ferrepuertochile.cl\/index.php\/wp-json\/wp\/v2\/product_tag?post=10817"}],"curies":[{"name":"wp","href":"https:\/\/api.w.org\/{rel}","templated":true}]}}