{"id":10804,"date":"2024-07-24T13:01:57","date_gmt":"2024-07-24T16:01:57","guid":{"rendered":"https:\/\/ferrepuertochile.cl\/?post_type=product&#038;p=10804"},"modified":"2025-03-10T12:05:23","modified_gmt":"2025-03-10T15:05:23","slug":"poxipol-10-minutos-transparente-14-ml","status":"publish","type":"product","link":"https:\/\/ferrepuertochile.cl\/index.php\/producto\/poxipol-10-minutos-transparente-14-ml\/","title":{"rendered":"Adhesivo 10 minutos Transparente 14 Ml Poxipol"},"content":{"rendered":"<p>Adhesivo Transparente Poxipol 14ml. Ha sido desarrollado especialmente para hacer uniones y reparaciones en una gran variedad de materiales. Poxipol es el mayor aliado de tus reparaciones. Es un adhesivo epoxi de dos componentes, r\u00e1pido, resistente, durable, f\u00e1cil de usar y en 10 minutos repara una gran variedad de materiales. Superficie de aplicaci\u00f3n: Metal. Vidrio, Cer\u00e1mica, Madera, Pl\u00e1stico.<\/p>\n<p>&nbsp;<\/p>\n","protected":false},"excerpt":{"rendered":"<p>Adhesivo Transparente Poxipol 14ml. Ha sido desarrollado especialmente para hacer uniones y reparaciones en una gran variedad de materiales. Poxipol es el mayor aliado de tus reparaciones. Es un adhesivo epoxi de dos componentes, r\u00e1pido, resistente, durable, f\u00e1cil de usar y en 10 minutos repara una gran variedad de materiales. Superficie de aplicaci\u00f3n: Metal. Vidrio,&#8230;<\/p>\n","protected":false},"featured_media":10805,"template":"","meta":[],"product_brand":[],"product_cat":[169],"product_tag":[],"class_list":{"0":"post-10804","1":"product","2":"type-product","3":"status-publish","4":"has-post-thumbnail","6":"product_cat-fijaciones-adhesivas","8":"first","9":"instock","10":"shipping-taxable","11":"purchasable","12":"product-type-simple"},"_links":{"self":[{"href":"https:\/\/ferrepuertochile.cl\/index.php\/wp-json\/wp\/v2\/product\/10804","targetHints":{"allow":["GET"]}}],"collection":[{"href":"https:\/\/ferrepuertochile.cl\/index.php\/wp-json\/wp\/v2\/product"}],"about":[{"href":"https:\/\/ferrepuertochile.cl\/index.php\/wp-json\/wp\/v2\/types\/product"}],"wp:featuredmedia":[{"embeddable":true,"href":"https:\/\/ferrepuertochile.cl\/index.php\/wp-json\/wp\/v2\/media\/10805"}],"wp:attachment":[{"href":"https:\/\/ferrepuertochile.cl\/index.php\/wp-json\/wp\/v2\/media?parent=10804"}],"wp:term":[{"taxonomy":"product_brand","embeddable":true,"href":"https:\/\/ferrepuertochile.cl\/index.php\/wp-json\/wp\/v2\/product_brand?post=10804"},{"taxonomy":"product_cat","embeddable":true,"href":"https:\/\/ferrepuertochile.cl\/index.php\/wp-json\/wp\/v2\/product_cat?post=10804"},{"taxonomy":"product_tag","embeddable":true,"href":"https:\/\/ferrepuertochile.cl\/index.php\/wp-json\/wp\/v2\/product_tag?post=10804"}],"curies":[{"name":"wp","href":"https:\/\/api.w.org\/{rel}","templated":true}]}}