{"id":10802,"date":"2024-07-24T12:57:16","date_gmt":"2024-07-24T15:57:16","guid":{"rendered":"https:\/\/ferrepuertochile.cl\/?post_type=product&#038;p=10802"},"modified":"2025-03-10T12:05:23","modified_gmt":"2025-03-10T15:05:23","slug":"poxipol-10-minutos-metalico-14-ml","status":"publish","type":"product","link":"https:\/\/ferrepuertochile.cl\/index.php\/producto\/poxipol-10-minutos-metalico-14-ml\/","title":{"rendered":"Adhesivo 10 Minutos Met\u00e1lico 14 Ml Poxipol"},"content":{"rendered":"<p>Adhesivo Poxipol Met\u00e1lico de 14 ML. Endurece en s\u00f3lo 10 minutos. Pega una amplia variedad de materiales: metal, cemento, loza, madera, m\u00e1rmol, pl\u00e1sticos, vidrio, hormig\u00f3n, fibrocemento, cer\u00e1micos, granito, porcelana. Por su gran resistencia y durabilidad es ideal para realizar arreglos en el hogar, taller, auto, trabajo, hobbies y manualidades. Poxipol endurece en s\u00f3lo 10 minutos, pero alcanza su m\u00e1xima resistencia a las 24 horas.<\/p>\n<p>&nbsp;<\/p>\n<p>&nbsp;<\/p>\n","protected":false},"excerpt":{"rendered":"<p>Adhesivo Poxipol Met\u00e1lico de 14 ML. Endurece en s\u00f3lo 10 minutos. Pega una amplia variedad de materiales: metal, cemento, loza, madera, m\u00e1rmol, pl\u00e1sticos, vidrio, hormig\u00f3n, fibrocemento, cer\u00e1micos, granito, porcelana. Por su gran resistencia y durabilidad es ideal para realizar arreglos en el hogar, taller, auto, trabajo, hobbies y manualidades. Poxipol endurece en s\u00f3lo 10 minutos,&#8230;<\/p>\n","protected":false},"featured_media":10803,"template":"","meta":[],"product_brand":[],"product_cat":[166,169],"product_tag":[],"class_list":{"0":"post-10802","1":"product","2":"type-product","3":"status-publish","4":"has-post-thumbnail","6":"product_cat-fijaciones-para-metal","7":"product_cat-fijaciones-adhesivas","9":"first","10":"instock","11":"shipping-taxable","12":"purchasable","13":"product-type-simple"},"_links":{"self":[{"href":"https:\/\/ferrepuertochile.cl\/index.php\/wp-json\/wp\/v2\/product\/10802","targetHints":{"allow":["GET"]}}],"collection":[{"href":"https:\/\/ferrepuertochile.cl\/index.php\/wp-json\/wp\/v2\/product"}],"about":[{"href":"https:\/\/ferrepuertochile.cl\/index.php\/wp-json\/wp\/v2\/types\/product"}],"wp:featuredmedia":[{"embeddable":true,"href":"https:\/\/ferrepuertochile.cl\/index.php\/wp-json\/wp\/v2\/media\/10803"}],"wp:attachment":[{"href":"https:\/\/ferrepuertochile.cl\/index.php\/wp-json\/wp\/v2\/media?parent=10802"}],"wp:term":[{"taxonomy":"product_brand","embeddable":true,"href":"https:\/\/ferrepuertochile.cl\/index.php\/wp-json\/wp\/v2\/product_brand?post=10802"},{"taxonomy":"product_cat","embeddable":true,"href":"https:\/\/ferrepuertochile.cl\/index.php\/wp-json\/wp\/v2\/product_cat?post=10802"},{"taxonomy":"product_tag","embeddable":true,"href":"https:\/\/ferrepuertochile.cl\/index.php\/wp-json\/wp\/v2\/product_tag?post=10802"}],"curies":[{"name":"wp","href":"https:\/\/api.w.org\/{rel}","templated":true}]}}