{"id":10781,"date":"2024-07-24T11:50:07","date_gmt":"2024-07-24T14:50:07","guid":{"rendered":"https:\/\/ferrepuertochile.cl\/?post_type=product&#038;p=10781"},"modified":"2025-03-10T12:05:23","modified_gmt":"2025-03-10T15:05:23","slug":"rex-espuma-expansiva-c-aplic-tarro-500-ml","status":"publish","type":"product","link":"https:\/\/ferrepuertochile.cl\/index.php\/producto\/rex-espuma-expansiva-c-aplic-tarro-500-ml\/","title":{"rendered":"Espuma Expansiva Con Aplicaci\u00f3n Tarro 500 Ml Rex"},"content":{"rendered":"<p>Rex\u00a0Espuma de Poliuretano\u00a0es un producto mezcla de polioles e\u00a0isocianatos con hidrocarburos gaseosos. Tiene propiedades de\u00a0relleno. Sella, a\u00edsla y pega diversos tipos de materiales de\u00a0construcci\u00f3n y presenta gran resistencia a la humedad.<\/p>\n<p>Est\u00e1 dise\u00f1ado para fijar, aislar y rellenar juntas de conexi\u00f3n tales como marcos de ventanas y puertas, entradas de tuber\u00eda, respiraderos de aire acondicionado, \u00a0juntas entre edificaciones y encuentros de tabiques. Rex espuma expansiva de Poliuretano permite Aislaci\u00f3n t\u00e9rmica y ac\u00fastica de tuber\u00edas, ca\u00f1os, ca\u00f1er\u00edas, techos y muros. despu\u00e9s de una sola aplicaci\u00f3n.<\/p>\n<p>Contenido 500 ml, marca Rex.<\/p>\n<p>&nbsp;<\/p>\n","protected":false},"excerpt":{"rendered":"<p>Rex\u00a0Espuma de Poliuretano\u00a0es un producto mezcla de polioles e\u00a0isocianatos con hidrocarburos gaseosos. Tiene propiedades de\u00a0relleno. Sella, a\u00edsla y pega diversos tipos de materiales de\u00a0construcci\u00f3n y presenta gran resistencia a la humedad. Est\u00e1 dise\u00f1ado para fijar, aislar y rellenar juntas de conexi\u00f3n tales como marcos de ventanas y puertas, entradas de tuber\u00eda, respiraderos de aire acondicionado,&#8230;<\/p>\n","protected":false},"featured_media":10782,"template":"","meta":[],"product_brand":[],"product_cat":[170],"product_tag":[],"class_list":{"0":"post-10781","1":"product","2":"type-product","3":"status-publish","4":"has-post-thumbnail","6":"product_cat-otras-fijaciones","8":"first","9":"instock","10":"shipping-taxable","11":"purchasable","12":"product-type-simple"},"_links":{"self":[{"href":"https:\/\/ferrepuertochile.cl\/index.php\/wp-json\/wp\/v2\/product\/10781","targetHints":{"allow":["GET"]}}],"collection":[{"href":"https:\/\/ferrepuertochile.cl\/index.php\/wp-json\/wp\/v2\/product"}],"about":[{"href":"https:\/\/ferrepuertochile.cl\/index.php\/wp-json\/wp\/v2\/types\/product"}],"wp:featuredmedia":[{"embeddable":true,"href":"https:\/\/ferrepuertochile.cl\/index.php\/wp-json\/wp\/v2\/media\/10782"}],"wp:attachment":[{"href":"https:\/\/ferrepuertochile.cl\/index.php\/wp-json\/wp\/v2\/media?parent=10781"}],"wp:term":[{"taxonomy":"product_brand","embeddable":true,"href":"https:\/\/ferrepuertochile.cl\/index.php\/wp-json\/wp\/v2\/product_brand?post=10781"},{"taxonomy":"product_cat","embeddable":true,"href":"https:\/\/ferrepuertochile.cl\/index.php\/wp-json\/wp\/v2\/product_cat?post=10781"},{"taxonomy":"product_tag","embeddable":true,"href":"https:\/\/ferrepuertochile.cl\/index.php\/wp-json\/wp\/v2\/product_tag?post=10781"}],"curies":[{"name":"wp","href":"https:\/\/api.w.org\/{rel}","templated":true}]}}