{"id":10775,"date":"2024-07-24T11:28:33","date_gmt":"2024-07-24T14:28:33","guid":{"rendered":"https:\/\/ferrepuertochile.cl\/?post_type=product&#038;p=10775"},"modified":"2025-03-10T12:05:23","modified_gmt":"2025-03-10T15:05:23","slug":"rex-silicona-acetica-transparente-cartucho-300-ml","status":"publish","type":"product","link":"https:\/\/ferrepuertochile.cl\/index.php\/producto\/rex-silicona-acetica-transparente-cartucho-300-ml\/","title":{"rendered":"Silicona Ac\u00e9tica Transparente Cartucho 300 Ml Rex"},"content":{"rendered":"<p>Rex Silicona Ac\u00e9tica transparente, es un adhesivo sellador tixotr\u00f3pico mono-componente, bajo m\u00f3dulo, anti-hongo y de curado ac\u00e9tico. Su curaci\u00f3n ocurre en temperatura ambiente y en la exposici\u00f3n a la humedad del aire. Utilizado en la construcci\u00f3n para sellado de superficies vitrificadas, aluminio, vidrios comunes y templados, azulejos, vajilla sanitaria, puertas y ventanas, box en de los ba\u00f1os, etc. Tiene una excelente resistencia a los rayos UV y se puede aplicar en \u00e1reas externas.<\/p>\n<p>Contenido 300 ml, marca Rex.<\/p>\n<p>&nbsp;<\/p>\n","protected":false},"excerpt":{"rendered":"<p>Rex Silicona Ac\u00e9tica transparente, es un adhesivo sellador tixotr\u00f3pico mono-componente, bajo m\u00f3dulo, anti-hongo y de curado ac\u00e9tico. Su curaci\u00f3n ocurre en temperatura ambiente y en la exposici\u00f3n a la humedad del aire. Utilizado en la construcci\u00f3n para sellado de superficies vitrificadas, aluminio, vidrios comunes y templados, azulejos, vajilla sanitaria, puertas y ventanas, box en de&#8230;<\/p>\n","protected":false},"featured_media":10776,"template":"","meta":[],"product_brand":[],"product_cat":[543,360,357],"product_tag":[],"class_list":{"0":"post-10775","1":"product","2":"type-product","3":"status-publish","4":"has-post-thumbnail","6":"product_cat-bano-y-cocina","7":"product_cat-selladores","8":"product_cat-siliconas-y-selladores","10":"first","11":"instock","12":"shipping-taxable","13":"purchasable","14":"product-type-simple"},"_links":{"self":[{"href":"https:\/\/ferrepuertochile.cl\/index.php\/wp-json\/wp\/v2\/product\/10775","targetHints":{"allow":["GET"]}}],"collection":[{"href":"https:\/\/ferrepuertochile.cl\/index.php\/wp-json\/wp\/v2\/product"}],"about":[{"href":"https:\/\/ferrepuertochile.cl\/index.php\/wp-json\/wp\/v2\/types\/product"}],"wp:featuredmedia":[{"embeddable":true,"href":"https:\/\/ferrepuertochile.cl\/index.php\/wp-json\/wp\/v2\/media\/10776"}],"wp:attachment":[{"href":"https:\/\/ferrepuertochile.cl\/index.php\/wp-json\/wp\/v2\/media?parent=10775"}],"wp:term":[{"taxonomy":"product_brand","embeddable":true,"href":"https:\/\/ferrepuertochile.cl\/index.php\/wp-json\/wp\/v2\/product_brand?post=10775"},{"taxonomy":"product_cat","embeddable":true,"href":"https:\/\/ferrepuertochile.cl\/index.php\/wp-json\/wp\/v2\/product_cat?post=10775"},{"taxonomy":"product_tag","embeddable":true,"href":"https:\/\/ferrepuertochile.cl\/index.php\/wp-json\/wp\/v2\/product_tag?post=10775"}],"curies":[{"name":"wp","href":"https:\/\/api.w.org\/{rel}","templated":true}]}}