{"id":10770,"date":"2024-07-24T11:19:07","date_gmt":"2024-07-24T14:19:07","guid":{"rendered":"https:\/\/ferrepuertochile.cl\/?post_type=product&#038;p=10770"},"modified":"2025-03-10T12:05:23","modified_gmt":"2025-03-10T15:05:23","slug":"rex-cola-fria-madera-doy-pack-1kl","status":"publish","type":"product","link":"https:\/\/ferrepuertochile.cl\/index.php\/producto\/rex-cola-fria-madera-doy-pack-1kl\/","title":{"rendered":"Cola Fr\u00eda Madera Doy Pack 1kl Rex"},"content":{"rendered":"<p>Rex Cola Fr\u00eda, es un adhesivo en base acuosa, alta resistencia en el pegado, largo tiempo de trabajo, adecuado para aplicaciones en grandes superficies. De secado r\u00e1pido. M\u00e1xima Adherencia. Pegado en uniones r\u00edgidas. Alto rendimiento. Uso interior y exterior. Mantiene sus propiedades inalterables en el tiempo.<\/p>\n<p>Contenido 1kl, marca Rex.<\/p>\n<p>&nbsp;<\/p>\n","protected":false},"excerpt":{"rendered":"<p>Rex Cola Fr\u00eda, es un adhesivo en base acuosa, alta resistencia en el pegado, largo tiempo de trabajo, adecuado para aplicaciones en grandes superficies. De secado r\u00e1pido. M\u00e1xima Adherencia. Pegado en uniones r\u00edgidas. Alto rendimiento. Uso interior y exterior. Mantiene sus propiedades inalterables en el tiempo. Contenido 1kl, marca Rex. &nbsp;<\/p>\n","protected":false},"featured_media":10771,"template":"","meta":[],"product_brand":[],"product_cat":[165],"product_tag":[],"class_list":{"0":"post-10770","1":"product","2":"type-product","3":"status-publish","4":"has-post-thumbnail","6":"product_cat-fijaciones-para-madera","8":"first","9":"instock","10":"shipping-taxable","11":"purchasable","12":"product-type-simple"},"_links":{"self":[{"href":"https:\/\/ferrepuertochile.cl\/index.php\/wp-json\/wp\/v2\/product\/10770","targetHints":{"allow":["GET"]}}],"collection":[{"href":"https:\/\/ferrepuertochile.cl\/index.php\/wp-json\/wp\/v2\/product"}],"about":[{"href":"https:\/\/ferrepuertochile.cl\/index.php\/wp-json\/wp\/v2\/types\/product"}],"wp:featuredmedia":[{"embeddable":true,"href":"https:\/\/ferrepuertochile.cl\/index.php\/wp-json\/wp\/v2\/media\/10771"}],"wp:attachment":[{"href":"https:\/\/ferrepuertochile.cl\/index.php\/wp-json\/wp\/v2\/media?parent=10770"}],"wp:term":[{"taxonomy":"product_brand","embeddable":true,"href":"https:\/\/ferrepuertochile.cl\/index.php\/wp-json\/wp\/v2\/product_brand?post=10770"},{"taxonomy":"product_cat","embeddable":true,"href":"https:\/\/ferrepuertochile.cl\/index.php\/wp-json\/wp\/v2\/product_cat?post=10770"},{"taxonomy":"product_tag","embeddable":true,"href":"https:\/\/ferrepuertochile.cl\/index.php\/wp-json\/wp\/v2\/product_tag?post=10770"}],"curies":[{"name":"wp","href":"https:\/\/api.w.org\/{rel}","templated":true}]}}