{"id":10762,"date":"2024-07-24T11:00:34","date_gmt":"2024-07-24T14:00:34","guid":{"rendered":"https:\/\/ferrepuertochile.cl\/?post_type=product&#038;p=10762"},"modified":"2025-03-10T12:05:22","modified_gmt":"2025-03-10T15:05:22","slug":"adhesivo-lata-pvc-hoffens-240-c-c-humedad","status":"publish","type":"product","link":"https:\/\/ferrepuertochile.cl\/index.php\/producto\/adhesivo-lata-pvc-hoffens-240-c-c-humedad\/","title":{"rendered":"Adhesivo Lata PVC 240 Cc Humedad Hoffens"},"content":{"rendered":"<p>Est\u00e1 formulado para uniones de PVC, tanto tuber\u00edas como fittings, que permiten una soldadura por solvente en fr\u00edo, asegurando un pegado r\u00e1pido y seguro. Es recomendado para instalaciones hidr\u00e1ulicas, sanitarias y el\u00e9ctricas (Conduit).<\/p>\n<p>Contenido 240cc, marca Hoffens.<\/p>\n<p>&nbsp;<\/p>\n","protected":false},"excerpt":{"rendered":"<p>Est\u00e1 formulado para uniones de PVC, tanto tuber\u00edas como fittings, que permiten una soldadura por solvente en fr\u00edo, asegurando un pegado r\u00e1pido y seguro. Es recomendado para instalaciones hidr\u00e1ulicas, sanitarias y el\u00e9ctricas (Conduit). Contenido 240cc, marca Hoffens. &nbsp;<\/p>\n","protected":false},"featured_media":10763,"template":"","meta":[],"product_brand":[],"product_cat":[352],"product_tag":[],"class_list":{"0":"post-10762","1":"product","2":"type-product","3":"status-publish","4":"has-post-thumbnail","6":"product_cat-adhesivos-para-pvc","8":"first","9":"instock","10":"shipping-taxable","11":"purchasable","12":"product-type-simple"},"_links":{"self":[{"href":"https:\/\/ferrepuertochile.cl\/index.php\/wp-json\/wp\/v2\/product\/10762","targetHints":{"allow":["GET"]}}],"collection":[{"href":"https:\/\/ferrepuertochile.cl\/index.php\/wp-json\/wp\/v2\/product"}],"about":[{"href":"https:\/\/ferrepuertochile.cl\/index.php\/wp-json\/wp\/v2\/types\/product"}],"wp:featuredmedia":[{"embeddable":true,"href":"https:\/\/ferrepuertochile.cl\/index.php\/wp-json\/wp\/v2\/media\/10763"}],"wp:attachment":[{"href":"https:\/\/ferrepuertochile.cl\/index.php\/wp-json\/wp\/v2\/media?parent=10762"}],"wp:term":[{"taxonomy":"product_brand","embeddable":true,"href":"https:\/\/ferrepuertochile.cl\/index.php\/wp-json\/wp\/v2\/product_brand?post=10762"},{"taxonomy":"product_cat","embeddable":true,"href":"https:\/\/ferrepuertochile.cl\/index.php\/wp-json\/wp\/v2\/product_cat?post=10762"},{"taxonomy":"product_tag","embeddable":true,"href":"https:\/\/ferrepuertochile.cl\/index.php\/wp-json\/wp\/v2\/product_tag?post=10762"}],"curies":[{"name":"wp","href":"https:\/\/api.w.org\/{rel}","templated":true}]}}