{"id":10754,"date":"2024-07-23T18:28:04","date_gmt":"2024-07-23T21:28:04","guid":{"rendered":"https:\/\/ferrepuertochile.cl\/?post_type=product&#038;p=10754"},"modified":"2025-03-10T12:05:22","modified_gmt":"2025-03-10T15:05:22","slug":"la-gotita-capsula-2-ml","status":"publish","type":"product","link":"https:\/\/ferrepuertochile.cl\/index.php\/producto\/la-gotita-capsula-2-ml\/","title":{"rendered":"Adhesivo Capsula 2 Ml La Gotita"},"content":{"rendered":"<p>Adhesivo instant\u00e1neo, para pegar diferentes superficies\u00a0complejas como metal, goma, vidrio, porcelana, pl\u00e1sticos, cer\u00e1mica y madera. F\u00e1cil de usar. Contiene 2 Ml.<\/p>\n<p>&nbsp;<\/p>\n","protected":false},"excerpt":{"rendered":"<p>Adhesivo instant\u00e1neo, para pegar diferentes superficies\u00a0complejas como metal, goma, vidrio, porcelana, pl\u00e1sticos, cer\u00e1mica y madera. F\u00e1cil de usar. Contiene 2 Ml. &nbsp;<\/p>\n","protected":false},"featured_media":10755,"template":"","meta":[],"product_brand":[],"product_cat":[169],"product_tag":[],"class_list":{"0":"post-10754","1":"product","2":"type-product","3":"status-publish","4":"has-post-thumbnail","6":"product_cat-fijaciones-adhesivas","8":"first","9":"instock","10":"shipping-taxable","11":"purchasable","12":"product-type-simple"},"_links":{"self":[{"href":"https:\/\/ferrepuertochile.cl\/index.php\/wp-json\/wp\/v2\/product\/10754","targetHints":{"allow":["GET"]}}],"collection":[{"href":"https:\/\/ferrepuertochile.cl\/index.php\/wp-json\/wp\/v2\/product"}],"about":[{"href":"https:\/\/ferrepuertochile.cl\/index.php\/wp-json\/wp\/v2\/types\/product"}],"wp:featuredmedia":[{"embeddable":true,"href":"https:\/\/ferrepuertochile.cl\/index.php\/wp-json\/wp\/v2\/media\/10755"}],"wp:attachment":[{"href":"https:\/\/ferrepuertochile.cl\/index.php\/wp-json\/wp\/v2\/media?parent=10754"}],"wp:term":[{"taxonomy":"product_brand","embeddable":true,"href":"https:\/\/ferrepuertochile.cl\/index.php\/wp-json\/wp\/v2\/product_brand?post=10754"},{"taxonomy":"product_cat","embeddable":true,"href":"https:\/\/ferrepuertochile.cl\/index.php\/wp-json\/wp\/v2\/product_cat?post=10754"},{"taxonomy":"product_tag","embeddable":true,"href":"https:\/\/ferrepuertochile.cl\/index.php\/wp-json\/wp\/v2\/product_tag?post=10754"}],"curies":[{"name":"wp","href":"https:\/\/api.w.org\/{rel}","templated":true}]}}