{"id":10743,"date":"2024-07-23T17:32:54","date_gmt":"2024-07-23T20:32:54","guid":{"rendered":"https:\/\/ferrepuertochile.cl\/?post_type=product&#038;p=10743"},"modified":"2024-09-30T10:20:16","modified_gmt":"2024-09-30T13:20:16","slug":"acido-muriatico-botella-1-litro-passol-copia","status":"publish","type":"product","link":"https:\/\/ferrepuertochile.cl\/index.php\/producto\/acido-muriatico-botella-1-litro-passol-copia\/","title":{"rendered":"\u00c1cido Muri\u00e1tico Botella 5 Litros Passol"},"content":{"rendered":"<p>Producto para la neutralizaci\u00f3n de superficies alcalinas como cemento y hormig\u00f3n o quema de estuco, que evita la formaci\u00f3n de jabones.<\/p>\n<p>Muy \u00fatil para la limpieza de residuos acumulados en sanitarios.<\/p>\n<p>Cantidad 5 litros, Marca Passol.<\/p>\n","protected":false},"excerpt":{"rendered":"<p>Producto para la neutralizaci\u00f3n de superficies alcalinas como cemento y hormig\u00f3n o quema de estuco, que evita la formaci\u00f3n de jabones. Muy \u00fatil para la limpieza de residuos acumulados en sanitarios. Cantidad 5 litros, Marca Passol.<\/p>\n","protected":false},"featured_media":10744,"template":"","meta":[],"product_brand":[],"product_cat":[310,309,278,15],"product_tag":[],"class_list":{"0":"post-10743","1":"product","2":"type-product","3":"status-publish","4":"has-post-thumbnail","6":"product_cat-diluyentes-solventes-y-limpiadores","7":"product_cat-herramientas-para-pintar","8":"product_cat-diluyentes-y-limpiadores","9":"product_cat-sin-categorizar","11":"first","12":"outofstock","13":"shipping-taxable","14":"purchasable","15":"product-type-simple"},"_links":{"self":[{"href":"https:\/\/ferrepuertochile.cl\/index.php\/wp-json\/wp\/v2\/product\/10743","targetHints":{"allow":["GET"]}}],"collection":[{"href":"https:\/\/ferrepuertochile.cl\/index.php\/wp-json\/wp\/v2\/product"}],"about":[{"href":"https:\/\/ferrepuertochile.cl\/index.php\/wp-json\/wp\/v2\/types\/product"}],"wp:featuredmedia":[{"embeddable":true,"href":"https:\/\/ferrepuertochile.cl\/index.php\/wp-json\/wp\/v2\/media\/10744"}],"wp:attachment":[{"href":"https:\/\/ferrepuertochile.cl\/index.php\/wp-json\/wp\/v2\/media?parent=10743"}],"wp:term":[{"taxonomy":"product_brand","embeddable":true,"href":"https:\/\/ferrepuertochile.cl\/index.php\/wp-json\/wp\/v2\/product_brand?post=10743"},{"taxonomy":"product_cat","embeddable":true,"href":"https:\/\/ferrepuertochile.cl\/index.php\/wp-json\/wp\/v2\/product_cat?post=10743"},{"taxonomy":"product_tag","embeddable":true,"href":"https:\/\/ferrepuertochile.cl\/index.php\/wp-json\/wp\/v2\/product_tag?post=10743"}],"curies":[{"name":"wp","href":"https:\/\/api.w.org\/{rel}","templated":true}]}}