{"id":10728,"date":"2024-07-23T16:37:29","date_gmt":"2024-07-23T19:37:29","guid":{"rendered":"https:\/\/ferrepuertochile.cl\/?post_type=product&#038;p=10728"},"modified":"2024-09-30T10:17:44","modified_gmt":"2024-09-30T13:17:44","slug":"dynaleum-l-carbonileo-tineta-17-litros-dynal","status":"publish","type":"product","link":"https:\/\/ferrepuertochile.cl\/index.php\/producto\/dynaleum-l-carbonileo-tineta-17-litros-dynal\/","title":{"rendered":"Dynaleum L (Carbonileo) Tineta 17 Litros Dynal"},"content":{"rendered":"<p>Antiputrefactante para maderas empotradas. Carbonileo de petr\u00f3leo, antiputrefactante con cobre activo. Brinda protecci\u00f3n contra la humedad, ambientes agresivos, termitas, larvas, insectos.<\/p>\n<p>Protecci\u00f3n elementos de madera que deban ir enterrados, empotrados o apoyados en contacto directo con la humedad o expuestos a un ambiente agresivo, termitas, larvas o insectos.<\/p>\n<p>17 litros, marca Dynal.<\/p>\n","protected":false},"excerpt":{"rendered":"<p>Antiputrefactante para maderas empotradas. Carbonileo de petr\u00f3leo, antiputrefactante con cobre activo. Brinda protecci\u00f3n contra la humedad, ambientes agresivos, termitas, larvas, insectos. Protecci\u00f3n elementos de madera que deban ir enterrados, empotrados o apoyados en contacto directo con la humedad o expuestos a un ambiente agresivo, termitas, larvas o insectos. 17 litros, marca Dynal.<\/p>\n","protected":false},"featured_media":10729,"template":"","meta":[],"product_brand":[],"product_cat":[298,305,15],"product_tag":[],"class_list":{"0":"post-10728","1":"product","2":"type-product","3":"status-publish","4":"has-post-thumbnail","6":"product_cat-pinturas-especiales-pinturas-y-terminaciones","7":"product_cat-pinturas-impermeabilizantes","8":"product_cat-sin-categorizar","10":"first","11":"outofstock","12":"shipping-taxable","13":"purchasable","14":"product-type-simple"},"_links":{"self":[{"href":"https:\/\/ferrepuertochile.cl\/index.php\/wp-json\/wp\/v2\/product\/10728","targetHints":{"allow":["GET"]}}],"collection":[{"href":"https:\/\/ferrepuertochile.cl\/index.php\/wp-json\/wp\/v2\/product"}],"about":[{"href":"https:\/\/ferrepuertochile.cl\/index.php\/wp-json\/wp\/v2\/types\/product"}],"wp:featuredmedia":[{"embeddable":true,"href":"https:\/\/ferrepuertochile.cl\/index.php\/wp-json\/wp\/v2\/media\/10729"}],"wp:attachment":[{"href":"https:\/\/ferrepuertochile.cl\/index.php\/wp-json\/wp\/v2\/media?parent=10728"}],"wp:term":[{"taxonomy":"product_brand","embeddable":true,"href":"https:\/\/ferrepuertochile.cl\/index.php\/wp-json\/wp\/v2\/product_brand?post=10728"},{"taxonomy":"product_cat","embeddable":true,"href":"https:\/\/ferrepuertochile.cl\/index.php\/wp-json\/wp\/v2\/product_cat?post=10728"},{"taxonomy":"product_tag","embeddable":true,"href":"https:\/\/ferrepuertochile.cl\/index.php\/wp-json\/wp\/v2\/product_tag?post=10728"}],"curies":[{"name":"wp","href":"https:\/\/api.w.org\/{rel}","templated":true}]}}