{"id":10726,"date":"2024-07-23T16:29:52","date_gmt":"2024-07-23T19:29:52","guid":{"rendered":"https:\/\/ferrepuertochile.cl\/?post_type=product&#038;p=10726"},"modified":"2024-09-30T10:11:07","modified_gmt":"2024-09-30T13:11:07","slug":"dynaleum-l-carbonileo-1-galon-dynal","status":"publish","type":"product","link":"https:\/\/ferrepuertochile.cl\/index.php\/producto\/dynaleum-l-carbonileo-1-galon-dynal\/","title":{"rendered":"Dynaleum L (Carbonileo) 1 Gal\u00f3n Dynal"},"content":{"rendered":"<p>El Dynaleum L Dynal es un producto de obra gruesa que puedes utilizar en la protecci\u00f3n de diferentes elementos de madera que deban ir en contacto con la humedad o expuestos a ambientes agresivos. Esta sustancia protege y evita la pudrici\u00f3n de la madera que se usa en construcciones de diversa \u00edndole.<\/p>\n<p>1 gal\u00f3n, marca Dynal.<\/p>\n","protected":false},"excerpt":{"rendered":"<p>El Dynaleum L Dynal es un producto de obra gruesa que puedes utilizar en la protecci\u00f3n de diferentes elementos de madera que deban ir en contacto con la humedad o expuestos a ambientes agresivos. Esta sustancia protege y evita la pudrici\u00f3n de la madera que se usa en construcciones de diversa \u00edndole. 1 gal\u00f3n, marca&#8230;<\/p>\n","protected":false},"featured_media":10727,"template":"","meta":[],"product_brand":[],"product_cat":[298,305,15],"product_tag":[],"class_list":{"0":"post-10726","1":"product","2":"type-product","3":"status-publish","4":"has-post-thumbnail","6":"product_cat-pinturas-especiales-pinturas-y-terminaciones","7":"product_cat-pinturas-impermeabilizantes","8":"product_cat-sin-categorizar","10":"first","11":"outofstock","12":"shipping-taxable","13":"purchasable","14":"product-type-simple"},"_links":{"self":[{"href":"https:\/\/ferrepuertochile.cl\/index.php\/wp-json\/wp\/v2\/product\/10726","targetHints":{"allow":["GET"]}}],"collection":[{"href":"https:\/\/ferrepuertochile.cl\/index.php\/wp-json\/wp\/v2\/product"}],"about":[{"href":"https:\/\/ferrepuertochile.cl\/index.php\/wp-json\/wp\/v2\/types\/product"}],"wp:featuredmedia":[{"embeddable":true,"href":"https:\/\/ferrepuertochile.cl\/index.php\/wp-json\/wp\/v2\/media\/10727"}],"wp:attachment":[{"href":"https:\/\/ferrepuertochile.cl\/index.php\/wp-json\/wp\/v2\/media?parent=10726"}],"wp:term":[{"taxonomy":"product_brand","embeddable":true,"href":"https:\/\/ferrepuertochile.cl\/index.php\/wp-json\/wp\/v2\/product_brand?post=10726"},{"taxonomy":"product_cat","embeddable":true,"href":"https:\/\/ferrepuertochile.cl\/index.php\/wp-json\/wp\/v2\/product_cat?post=10726"},{"taxonomy":"product_tag","embeddable":true,"href":"https:\/\/ferrepuertochile.cl\/index.php\/wp-json\/wp\/v2\/product_tag?post=10726"}],"curies":[{"name":"wp","href":"https:\/\/api.w.org\/{rel}","templated":true}]}}