{"id":10718,"date":"2024-07-23T16:03:41","date_gmt":"2024-07-23T19:03:41","guid":{"rendered":"https:\/\/ferrepuertochile.cl\/?post_type=product&#038;p=10718"},"modified":"2024-09-30T10:09:40","modified_gmt":"2024-09-30T13:09:40","slug":"direct-3-triple-accion-negro-1-4-de-galon-record","status":"publish","type":"product","link":"https:\/\/ferrepuertochile.cl\/index.php\/producto\/direct-3-triple-accion-negro-1-4-de-galon-record\/","title":{"rendered":"Direct 3 Triple Acci\u00f3n Negro 1\/4 De Gal\u00f3n Record"},"content":{"rendered":"<p>Anticorrosivo triple acci\u00f3n 1\/4 de gal\u00f3n, color negro.<\/p>\n<p>Acabado brillante<\/p>\n<p>Convertidor de \u00f3xido<\/p>\n<p>Esmalte de terminaci\u00f3n<\/p>\n<ul>\n<li>Esmalte monocomponente<\/li>\n<li>Secado r\u00e1pido<\/li>\n<li>Buena flexibilidad, adherencia y dureza<\/li>\n<li>Uso interior y exterior<\/li>\n<li>Usado como capa de terminaci\u00f3n en estructuras met\u00e1licas en general<\/li>\n<li>Para ambiente de mediana agresividad clim\u00e1tica<\/li>\n<\/ul>\n","protected":false},"excerpt":{"rendered":"<p>Anticorrosivo triple acci\u00f3n 1\/4 de gal\u00f3n, color negro. Acabado brillante Convertidor de \u00f3xido Esmalte de terminaci\u00f3n Esmalte monocomponente Secado r\u00e1pido Buena flexibilidad, adherencia y dureza Uso interior y exterior Usado como capa de terminaci\u00f3n en estructuras met\u00e1licas en general Para ambiente de mediana agresividad clim\u00e1tica<\/p>\n","protected":false},"featured_media":10719,"template":"","meta":[],"product_brand":[],"product_cat":[298,300],"product_tag":[],"class_list":{"0":"post-10718","1":"product","2":"type-product","3":"status-publish","4":"has-post-thumbnail","6":"product_cat-pinturas-especiales-pinturas-y-terminaciones","7":"product_cat-anticorrosivas","9":"first","10":"outofstock","11":"shipping-taxable","12":"purchasable","13":"product-type-simple"},"_links":{"self":[{"href":"https:\/\/ferrepuertochile.cl\/index.php\/wp-json\/wp\/v2\/product\/10718","targetHints":{"allow":["GET"]}}],"collection":[{"href":"https:\/\/ferrepuertochile.cl\/index.php\/wp-json\/wp\/v2\/product"}],"about":[{"href":"https:\/\/ferrepuertochile.cl\/index.php\/wp-json\/wp\/v2\/types\/product"}],"wp:featuredmedia":[{"embeddable":true,"href":"https:\/\/ferrepuertochile.cl\/index.php\/wp-json\/wp\/v2\/media\/10719"}],"wp:attachment":[{"href":"https:\/\/ferrepuertochile.cl\/index.php\/wp-json\/wp\/v2\/media?parent=10718"}],"wp:term":[{"taxonomy":"product_brand","embeddable":true,"href":"https:\/\/ferrepuertochile.cl\/index.php\/wp-json\/wp\/v2\/product_brand?post=10718"},{"taxonomy":"product_cat","embeddable":true,"href":"https:\/\/ferrepuertochile.cl\/index.php\/wp-json\/wp\/v2\/product_cat?post=10718"},{"taxonomy":"product_tag","embeddable":true,"href":"https:\/\/ferrepuertochile.cl\/index.php\/wp-json\/wp\/v2\/product_tag?post=10718"}],"curies":[{"name":"wp","href":"https:\/\/api.w.org\/{rel}","templated":true}]}}