{"id":10714,"date":"2024-07-23T14:37:01","date_gmt":"2024-07-23T17:37:01","guid":{"rendered":"https:\/\/ferrepuertochile.cl\/?post_type=product&#038;p=10714"},"modified":"2024-09-30T10:09:02","modified_gmt":"2024-09-30T13:09:02","slug":"rex-pintura-spray-acrilica-amarillo-400-ml","status":"publish","type":"product","link":"https:\/\/ferrepuertochile.cl\/index.php\/producto\/rex-pintura-spray-acrilica-amarillo-400-ml\/","title":{"rendered":"Pintura Spray Acr\u00edlica Amarillo 400 Ml Rex"},"content":{"rendered":"<p>REX Pintura Spray\u00a0Alta Temperatura\u00a0es una pintura desarrollada con alta tecnolog\u00eda, indicada para aplicaciones en \u00e1reas externas de objetos o superficies met\u00e1licas que se someter a altas temperaturas. Puede ser utilizado en escape de motos, parrillas, fogones, chimeneas. Resiste temperaturas de hasta 600 \u00b0C.<\/p>\n<p>Pintura Spray Alta Temperatura es ideal para m\u00faltiples aplicaciones en el hogar, industria y construcci\u00f3n. Su gran adherencia en distintas superficies permite un gran espectro de soluciones y usos.<\/p>\n<p>Caracter\u00edsticas Destacadas:<\/p>\n<ul>\n<li>Resistencia al Calor Superior:\u00a0Protege tus superficies de los efectos perjudiciales del calor extremo, manteni\u00e9ndolas en \u00f3ptimas condiciones.<\/li>\n<li>Revestimiento Duradero:\u00a0La f\u00f3rmula de secado r\u00e1pido proporciona una capa resistente al calor que se mantiene impecable incluso en condiciones extremas.<\/li>\n<li>Versatilidad de Aplicaci\u00f3n:\u00a0Su dise\u00f1o en aerosol permite una aplicaci\u00f3n uniforme y precisa, cubriendo cada detalle sin esfuerzo.<\/li>\n<li>Protecci\u00f3n Adicional:\u00a0Adem\u00e1s de resistir el calor, esta pintura protege contra la corrosi\u00f3n y la decoloraci\u00f3n.<\/li>\n<\/ul>\n<p>&nbsp;<\/p>\n","protected":false},"excerpt":{"rendered":"<p>REX Pintura Spray\u00a0Alta Temperatura\u00a0es una pintura desarrollada con alta tecnolog\u00eda, indicada para aplicaciones en \u00e1reas externas de objetos o superficies met\u00e1licas que se someter a altas temperaturas. Puede ser utilizado en escape de motos, parrillas, fogones, chimeneas. Resiste temperaturas de hasta 600 \u00b0C. Pintura Spray Alta Temperatura es ideal para m\u00faltiples aplicaciones en el hogar,&#8230;<\/p>\n","protected":false},"featured_media":10715,"template":"","meta":[],"product_brand":[],"product_cat":[280,289,275],"product_tag":[],"class_list":{"0":"post-10714","1":"product","2":"type-product","3":"status-publish","4":"has-post-thumbnail","6":"product_cat-pintura-para-interior","7":"product_cat-pinturas-para-exterior","8":"product_cat-pintura-en-spray","10":"first","11":"outofstock","12":"shipping-taxable","13":"purchasable","14":"product-type-simple"},"_links":{"self":[{"href":"https:\/\/ferrepuertochile.cl\/index.php\/wp-json\/wp\/v2\/product\/10714","targetHints":{"allow":["GET"]}}],"collection":[{"href":"https:\/\/ferrepuertochile.cl\/index.php\/wp-json\/wp\/v2\/product"}],"about":[{"href":"https:\/\/ferrepuertochile.cl\/index.php\/wp-json\/wp\/v2\/types\/product"}],"wp:featuredmedia":[{"embeddable":true,"href":"https:\/\/ferrepuertochile.cl\/index.php\/wp-json\/wp\/v2\/media\/10715"}],"wp:attachment":[{"href":"https:\/\/ferrepuertochile.cl\/index.php\/wp-json\/wp\/v2\/media?parent=10714"}],"wp:term":[{"taxonomy":"product_brand","embeddable":true,"href":"https:\/\/ferrepuertochile.cl\/index.php\/wp-json\/wp\/v2\/product_brand?post=10714"},{"taxonomy":"product_cat","embeddable":true,"href":"https:\/\/ferrepuertochile.cl\/index.php\/wp-json\/wp\/v2\/product_cat?post=10714"},{"taxonomy":"product_tag","embeddable":true,"href":"https:\/\/ferrepuertochile.cl\/index.php\/wp-json\/wp\/v2\/product_tag?post=10714"}],"curies":[{"name":"wp","href":"https:\/\/api.w.org\/{rel}","templated":true}]}}