{"id":10691,"date":"2024-07-23T12:57:23","date_gmt":"2024-07-23T15:57:23","guid":{"rendered":"https:\/\/ferrepuertochile.cl\/?post_type=product&#038;p=10691"},"modified":"2024-09-30T10:05:46","modified_gmt":"2024-09-30T13:05:46","slug":"anticorrosivo-negro-1-4-gl-passol","status":"publish","type":"product","link":"https:\/\/ferrepuertochile.cl\/index.php\/producto\/anticorrosivo-negro-1-4-gl-passol\/","title":{"rendered":"Anticorrosivo Negro 1\/4 De Gal\u00f3n Passol"},"content":{"rendered":"<p>Anticorrosivo para Metal Producto formulado a base de resina alqu\u00eddica, pigmentos y aditivos especiales que le conceden propiedades anticorrosivas para la protecci\u00f3n de metales. Evitando en Oxido sobre su superficie. Uso interior y exterior.<\/p>\n<p>Especificaciones y uso<\/p>\n<p>&#8211; Listo para su uso<br \/>\n&#8211; Hidrorrepelente<br \/>\n&#8211; Terminaci\u00f3n: Opaca<br \/>\n&#8211; Rinde 50 m2 por gal\u00f3n por mano a 1 mils de espesor seco<br \/>\n&#8211; Usar brocha, rodillo o pistola<br \/>\n&#8211; Para ajustar la viscosidad usar aguarr\u00e1s o diluyente sint\u00e9tico<br \/>\n&#8211; Aplicar sobre metales<\/p>\n<p>Formato 1\/4 gal\u00f3n. Marca Passol.<\/p>\n","protected":false},"excerpt":{"rendered":"<p>Anticorrosivo para Metal Producto formulado a base de resina alqu\u00eddica, pigmentos y aditivos especiales que le conceden propiedades anticorrosivas para la protecci\u00f3n de metales. Evitando en Oxido sobre su superficie. Uso interior y exterior. Especificaciones y uso &#8211; Listo para su uso &#8211; Hidrorrepelente &#8211; Terminaci\u00f3n: Opaca &#8211; Rinde 50 m2 por gal\u00f3n por mano&#8230;<\/p>\n","protected":false},"featured_media":10700,"template":"","meta":[],"product_brand":[],"product_cat":[300,274],"product_tag":[],"class_list":{"0":"post-10691","1":"product","2":"type-product","3":"status-publish","4":"has-post-thumbnail","6":"product_cat-anticorrosivas","7":"product_cat-pinturas-para-metales","9":"first","10":"outofstock","11":"shipping-taxable","12":"purchasable","13":"product-type-simple"},"_links":{"self":[{"href":"https:\/\/ferrepuertochile.cl\/index.php\/wp-json\/wp\/v2\/product\/10691","targetHints":{"allow":["GET"]}}],"collection":[{"href":"https:\/\/ferrepuertochile.cl\/index.php\/wp-json\/wp\/v2\/product"}],"about":[{"href":"https:\/\/ferrepuertochile.cl\/index.php\/wp-json\/wp\/v2\/types\/product"}],"wp:featuredmedia":[{"embeddable":true,"href":"https:\/\/ferrepuertochile.cl\/index.php\/wp-json\/wp\/v2\/media\/10700"}],"wp:attachment":[{"href":"https:\/\/ferrepuertochile.cl\/index.php\/wp-json\/wp\/v2\/media?parent=10691"}],"wp:term":[{"taxonomy":"product_brand","embeddable":true,"href":"https:\/\/ferrepuertochile.cl\/index.php\/wp-json\/wp\/v2\/product_brand?post=10691"},{"taxonomy":"product_cat","embeddable":true,"href":"https:\/\/ferrepuertochile.cl\/index.php\/wp-json\/wp\/v2\/product_cat?post=10691"},{"taxonomy":"product_tag","embeddable":true,"href":"https:\/\/ferrepuertochile.cl\/index.php\/wp-json\/wp\/v2\/product_tag?post=10691"}],"curies":[{"name":"wp","href":"https:\/\/api.w.org\/{rel}","templated":true}]}}