{"id":10690,"date":"2024-07-23T12:55:05","date_gmt":"2024-07-23T15:55:05","guid":{"rendered":"https:\/\/ferrepuertochile.cl\/?post_type=product&#038;p=10690"},"modified":"2024-09-30T09:54:17","modified_gmt":"2024-09-30T12:54:17","slug":"esmalte-al-agua-deco-super-cubriente-blanco-tineta-4-gl-passol","status":"publish","type":"product","link":"https:\/\/ferrepuertochile.cl\/index.php\/producto\/esmalte-al-agua-deco-super-cubriente-blanco-tineta-4-gl-passol\/","title":{"rendered":"Esmalte Al Agua Deco Super Cubriente Blanco Tineta 4 Galones Passol"},"content":{"rendered":"<p>Pintura Base agua, formulada con emulsi\u00f3n acr\u00edlica modificada de terminaci\u00f3n Mate. Para uso interior y exterior.<\/p>\n<p>Especificaciones y uso<\/p>\n<p>&#8211; Listo para su uso<br \/>\n&#8211; Hidrorepelente<br \/>\n&#8211; Lavable<br \/>\n&#8211; Acci\u00f3n Anti hongo<br \/>\n&#8211; Rinde 40 m2 por gal\u00f3n por mano a 1 mil de espesor seco<br \/>\n&#8211; Poder cubriente en 2 a 3 manos<br \/>\n&#8211; Usar brocha, rodillo o pistola<br \/>\n&#8211; Aplicar sobre fibrocemento, papel mural, concreto, yeso y toda superficie alcalina<\/p>\n<p>Formato 4 gal\u00f3n. Marca Passol.<\/p>\n","protected":false},"excerpt":{"rendered":"<p>Pintura Base agua, formulada con emulsi\u00f3n acr\u00edlica modificada de terminaci\u00f3n Mate. Para uso interior y exterior. Especificaciones y uso &#8211; Listo para su uso &#8211; Hidrorepelente &#8211; Lavable &#8211; Acci\u00f3n Anti hongo &#8211; Rinde 40 m2 por gal\u00f3n por mano a 1 mil de espesor seco &#8211; Poder cubriente en 2 a 3 manos &#8211;&#8230;<\/p>\n","protected":false},"featured_media":10696,"template":"","meta":[],"product_brand":[],"product_cat":[280,283,289],"product_tag":[],"class_list":{"0":"post-10690","1":"product","2":"type-product","3":"status-publish","4":"has-post-thumbnail","6":"product_cat-pintura-para-interior","7":"product_cat-esmaltes-de-agua","8":"product_cat-pinturas-para-exterior","10":"first","11":"outofstock","12":"shipping-taxable","13":"purchasable","14":"product-type-simple"},"_links":{"self":[{"href":"https:\/\/ferrepuertochile.cl\/index.php\/wp-json\/wp\/v2\/product\/10690","targetHints":{"allow":["GET"]}}],"collection":[{"href":"https:\/\/ferrepuertochile.cl\/index.php\/wp-json\/wp\/v2\/product"}],"about":[{"href":"https:\/\/ferrepuertochile.cl\/index.php\/wp-json\/wp\/v2\/types\/product"}],"wp:featuredmedia":[{"embeddable":true,"href":"https:\/\/ferrepuertochile.cl\/index.php\/wp-json\/wp\/v2\/media\/10696"}],"wp:attachment":[{"href":"https:\/\/ferrepuertochile.cl\/index.php\/wp-json\/wp\/v2\/media?parent=10690"}],"wp:term":[{"taxonomy":"product_brand","embeddable":true,"href":"https:\/\/ferrepuertochile.cl\/index.php\/wp-json\/wp\/v2\/product_brand?post=10690"},{"taxonomy":"product_cat","embeddable":true,"href":"https:\/\/ferrepuertochile.cl\/index.php\/wp-json\/wp\/v2\/product_cat?post=10690"},{"taxonomy":"product_tag","embeddable":true,"href":"https:\/\/ferrepuertochile.cl\/index.php\/wp-json\/wp\/v2\/product_tag?post=10690"}],"curies":[{"name":"wp","href":"https:\/\/api.w.org\/{rel}","templated":true}]}}