{"id":10689,"date":"2024-07-23T12:49:35","date_gmt":"2024-07-23T15:49:35","guid":{"rendered":"https:\/\/ferrepuertochile.cl\/?post_type=product&#038;p=10689"},"modified":"2024-09-30T09:54:01","modified_gmt":"2024-09-30T12:54:01","slug":"latex-extra-cubriente-blanco-interior-exterior-galon-passol","status":"publish","type":"product","link":"https:\/\/ferrepuertochile.cl\/index.php\/producto\/latex-extra-cubriente-blanco-interior-exterior-galon-passol\/","title":{"rendered":"Latex Extra Cubriente Blanco Interior\/Exterior 1 Gal\u00f3n Passol"},"content":{"rendered":"<p>Pintura base agua formulada con una emulsi\u00f3n acr\u00edlica, pigmentos seleccionados y aditivos de alta calidad, que forman una pel\u00edcula flexible y resistente a la abrasi\u00f3n. Para uso interior y exterior.<\/p>\n<p>Especificaciones y uso<\/p>\n<p>&#8211; Listo para su uso<br \/>\n&#8211; Acci\u00f3n Antihongo<br \/>\n&#8211; Rinde 35 a 45 m2 por gal\u00f3n por mano a 1 mil de espesor seco<br \/>\n&#8211; Poder cubriente en 1 a 2 manos<br \/>\n&#8211; Usar brocha, rodillo o pistola<br \/>\n&#8211; Aplicar sobre fibrocemento, papel mural, concreto, yeso y toda superficie alcalina<\/p>\n<p>Formato 1 gal\u00f3n. Marca Passol.<\/p>\n","protected":false},"excerpt":{"rendered":"<p>Pintura base agua formulada con una emulsi\u00f3n acr\u00edlica, pigmentos seleccionados y aditivos de alta calidad, que forman una pel\u00edcula flexible y resistente a la abrasi\u00f3n. Para uso interior y exterior. Especificaciones y uso &#8211; Listo para su uso &#8211; Acci\u00f3n Antihongo &#8211; Rinde 35 a 45 m2 por gal\u00f3n por mano a 1 mil de&#8230;<\/p>\n","protected":false},"featured_media":10693,"template":"","meta":[],"product_brand":[],"product_cat":[280,285,289],"product_tag":[],"class_list":{"0":"post-10689","1":"product","2":"type-product","3":"status-publish","4":"has-post-thumbnail","6":"product_cat-pintura-para-interior","7":"product_cat-pintura-para-paredes","8":"product_cat-pinturas-para-exterior","10":"first","11":"outofstock","12":"shipping-taxable","13":"purchasable","14":"product-type-simple"},"_links":{"self":[{"href":"https:\/\/ferrepuertochile.cl\/index.php\/wp-json\/wp\/v2\/product\/10689","targetHints":{"allow":["GET"]}}],"collection":[{"href":"https:\/\/ferrepuertochile.cl\/index.php\/wp-json\/wp\/v2\/product"}],"about":[{"href":"https:\/\/ferrepuertochile.cl\/index.php\/wp-json\/wp\/v2\/types\/product"}],"wp:featuredmedia":[{"embeddable":true,"href":"https:\/\/ferrepuertochile.cl\/index.php\/wp-json\/wp\/v2\/media\/10693"}],"wp:attachment":[{"href":"https:\/\/ferrepuertochile.cl\/index.php\/wp-json\/wp\/v2\/media?parent=10689"}],"wp:term":[{"taxonomy":"product_brand","embeddable":true,"href":"https:\/\/ferrepuertochile.cl\/index.php\/wp-json\/wp\/v2\/product_brand?post=10689"},{"taxonomy":"product_cat","embeddable":true,"href":"https:\/\/ferrepuertochile.cl\/index.php\/wp-json\/wp\/v2\/product_cat?post=10689"},{"taxonomy":"product_tag","embeddable":true,"href":"https:\/\/ferrepuertochile.cl\/index.php\/wp-json\/wp\/v2\/product_tag?post=10689"}],"curies":[{"name":"wp","href":"https:\/\/api.w.org\/{rel}","templated":true}]}}