{"id":10687,"date":"2024-07-23T12:21:57","date_gmt":"2024-07-23T15:21:57","guid":{"rendered":"https:\/\/ferrepuertochile.cl\/?post_type=product&#038;p=10687"},"modified":"2024-09-30T09:53:42","modified_gmt":"2024-09-30T12:53:42","slug":"esmalte-al-agua-deco-super-cubriente-blanco-galon-passol","status":"publish","type":"product","link":"https:\/\/ferrepuertochile.cl\/index.php\/producto\/esmalte-al-agua-deco-super-cubriente-blanco-galon-passol\/","title":{"rendered":"Esmalte Al Agua Deco Super Cubriente Blanco 1 Gal\u00f3n Passol"},"content":{"rendered":"<p>Pintura Base agua, formulada con emulsi\u00f3n acr\u00edlica modificada de terminaci\u00f3n Mate. Para uso interior y exterior. Listo para su uso, lavable, acci\u00f3n Anti hongo.<\/p>\n<p>Rinde 40 m2 por gal\u00f3n por mano a 1 mil de espesor seco. Aplicar sobre fibrocemento, papel mural, concreto, yeso y toda superficie alcalina.<\/p>\n<p>Formato 1 gal\u00f3n. Marca Passol.<\/p>\n","protected":false},"excerpt":{"rendered":"<p>Pintura Base agua, formulada con emulsi\u00f3n acr\u00edlica modificada de terminaci\u00f3n Mate. Para uso interior y exterior. Listo para su uso, lavable, acci\u00f3n Anti hongo. Rinde 40 m2 por gal\u00f3n por mano a 1 mil de espesor seco. Aplicar sobre fibrocemento, papel mural, concreto, yeso y toda superficie alcalina. Formato 1 gal\u00f3n. Marca Passol.<\/p>\n","protected":false},"featured_media":10688,"template":"","meta":[],"product_brand":[],"product_cat":[280,283,289],"product_tag":[],"class_list":{"0":"post-10687","1":"product","2":"type-product","3":"status-publish","4":"has-post-thumbnail","6":"product_cat-pintura-para-interior","7":"product_cat-esmaltes-de-agua","8":"product_cat-pinturas-para-exterior","10":"first","11":"outofstock","12":"shipping-taxable","13":"purchasable","14":"product-type-simple"},"_links":{"self":[{"href":"https:\/\/ferrepuertochile.cl\/index.php\/wp-json\/wp\/v2\/product\/10687","targetHints":{"allow":["GET"]}}],"collection":[{"href":"https:\/\/ferrepuertochile.cl\/index.php\/wp-json\/wp\/v2\/product"}],"about":[{"href":"https:\/\/ferrepuertochile.cl\/index.php\/wp-json\/wp\/v2\/types\/product"}],"wp:featuredmedia":[{"embeddable":true,"href":"https:\/\/ferrepuertochile.cl\/index.php\/wp-json\/wp\/v2\/media\/10688"}],"wp:attachment":[{"href":"https:\/\/ferrepuertochile.cl\/index.php\/wp-json\/wp\/v2\/media?parent=10687"}],"wp:term":[{"taxonomy":"product_brand","embeddable":true,"href":"https:\/\/ferrepuertochile.cl\/index.php\/wp-json\/wp\/v2\/product_brand?post=10687"},{"taxonomy":"product_cat","embeddable":true,"href":"https:\/\/ferrepuertochile.cl\/index.php\/wp-json\/wp\/v2\/product_cat?post=10687"},{"taxonomy":"product_tag","embeddable":true,"href":"https:\/\/ferrepuertochile.cl\/index.php\/wp-json\/wp\/v2\/product_tag?post=10687"}],"curies":[{"name":"wp","href":"https:\/\/api.w.org\/{rel}","templated":true}]}}