{"id":10613,"date":"2024-07-22T14:06:39","date_gmt":"2024-07-22T17:06:39","guid":{"rendered":"https:\/\/ferrepuertochile.cl\/?post_type=product&#038;p=10613"},"modified":"2025-03-10T12:05:20","modified_gmt":"2025-03-10T15:05:20","slug":"polietileno-negro-010-micra-4-metros-x-1-metro-venta-por-metro","status":"publish","type":"product","link":"https:\/\/ferrepuertochile.cl\/index.php\/producto\/polietileno-negro-010-micra-4-metros-x-1-metro-venta-por-metro\/","title":{"rendered":"Polietileno Negro 0,10 Micra 4 Metros X 1 Metro (Venta Por Metro) Plastiservi"},"content":{"rendered":"<p>El Polietileno en rollo es una presentaci\u00f3n espec\u00edfica de polietileno que se presenta en forma de un rollo o l\u00e1mina continua de este material. Esta forma de presentaci\u00f3n facilita su uso en diversas aplicaciones, ya que puede ser cortado y moldeado seg\u00fan las necesidades espec\u00edficas del proyecto.<\/p>\n<p>Tama\u00f1o: 4 metros x 0,10 micras<\/p>\n<p><strong>Venta por\u00a0 metro.<\/strong><\/p>\n<p>Marca: Plastiservi<\/p>\n","protected":false},"excerpt":{"rendered":"<p>El Polietileno en rollo es una presentaci\u00f3n espec\u00edfica de polietileno que se presenta en forma de un rollo o l\u00e1mina continua de este material. Esta forma de presentaci\u00f3n facilita su uso en diversas aplicaciones, ya que puede ser cortado y moldeado seg\u00fan las necesidades espec\u00edficas del proyecto. Tama\u00f1o: 4 metros x 0,10 micras Venta por\u00a0&#8230;<\/p>\n","protected":false},"featured_media":10556,"template":"","meta":[],"product_brand":[],"product_cat":[123,121],"product_tag":[],"class_list":{"0":"post-10613","1":"product","2":"type-product","3":"status-publish","4":"has-post-thumbnail","6":"product_cat-aislantes-termicos","7":"product_cat-techo-y-aislante","9":"first","10":"instock","11":"shipping-taxable","12":"purchasable","13":"product-type-simple"},"_links":{"self":[{"href":"https:\/\/ferrepuertochile.cl\/index.php\/wp-json\/wp\/v2\/product\/10613","targetHints":{"allow":["GET"]}}],"collection":[{"href":"https:\/\/ferrepuertochile.cl\/index.php\/wp-json\/wp\/v2\/product"}],"about":[{"href":"https:\/\/ferrepuertochile.cl\/index.php\/wp-json\/wp\/v2\/types\/product"}],"wp:featuredmedia":[{"embeddable":true,"href":"https:\/\/ferrepuertochile.cl\/index.php\/wp-json\/wp\/v2\/media\/10556"}],"wp:attachment":[{"href":"https:\/\/ferrepuertochile.cl\/index.php\/wp-json\/wp\/v2\/media?parent=10613"}],"wp:term":[{"taxonomy":"product_brand","embeddable":true,"href":"https:\/\/ferrepuertochile.cl\/index.php\/wp-json\/wp\/v2\/product_brand?post=10613"},{"taxonomy":"product_cat","embeddable":true,"href":"https:\/\/ferrepuertochile.cl\/index.php\/wp-json\/wp\/v2\/product_cat?post=10613"},{"taxonomy":"product_tag","embeddable":true,"href":"https:\/\/ferrepuertochile.cl\/index.php\/wp-json\/wp\/v2\/product_tag?post=10613"}],"curies":[{"name":"wp","href":"https:\/\/api.w.org\/{rel}","templated":true}]}}