{"id":10584,"date":"2024-07-22T12:59:20","date_gmt":"2024-07-22T15:59:20","guid":{"rendered":"https:\/\/ferrepuertochile.cl\/?post_type=product&#038;p=10584"},"modified":"2025-03-10T12:05:20","modified_gmt":"2025-03-10T15:05:20","slug":"abrazadera-cobre-1-2","status":"publish","type":"product","link":"https:\/\/ferrepuertochile.cl\/index.php\/producto\/abrazadera-cobre-1-2\/","title":{"rendered":"Abrazadera Cobre 1\/2&#8243; Venemetal"},"content":{"rendered":"<p>Su funci\u00f3n principal es permitir el transporte de las ca\u00f1er\u00edas a trav\u00e9s de la pared de manera pr\u00e1ctica y est\u00e9tica, lo que contribuye a que pasen desapercibidas y no generen un desorden visual. Este accesorio es de gran importancia en las \u00e1reas de plomer\u00eda y gasfiter\u00eda para la sujeci\u00f3n de tuber\u00edas. Marca Venemetal.<\/p>\n","protected":false},"excerpt":{"rendered":"<p>Su funci\u00f3n principal es permitir el transporte de las ca\u00f1er\u00edas a trav\u00e9s de la pared de manera pr\u00e1ctica y est\u00e9tica, lo que contribuye a que pasen desapercibidas y no generen un desorden visual. Este accesorio es de gran importancia en las \u00e1reas de plomer\u00eda y gasfiter\u00eda para la sujeci\u00f3n de tuber\u00edas. Marca Venemetal.<\/p>\n","protected":false},"featured_media":10585,"template":"","meta":[],"product_brand":[],"product_cat":[207],"product_tag":[],"class_list":{"0":"post-10584","1":"product","2":"type-product","3":"status-publish","4":"has-post-thumbnail","6":"product_cat-fitting-cobre-bronce","8":"first","9":"instock","10":"shipping-taxable","11":"purchasable","12":"product-type-simple"},"_links":{"self":[{"href":"https:\/\/ferrepuertochile.cl\/index.php\/wp-json\/wp\/v2\/product\/10584","targetHints":{"allow":["GET"]}}],"collection":[{"href":"https:\/\/ferrepuertochile.cl\/index.php\/wp-json\/wp\/v2\/product"}],"about":[{"href":"https:\/\/ferrepuertochile.cl\/index.php\/wp-json\/wp\/v2\/types\/product"}],"wp:featuredmedia":[{"embeddable":true,"href":"https:\/\/ferrepuertochile.cl\/index.php\/wp-json\/wp\/v2\/media\/10585"}],"wp:attachment":[{"href":"https:\/\/ferrepuertochile.cl\/index.php\/wp-json\/wp\/v2\/media?parent=10584"}],"wp:term":[{"taxonomy":"product_brand","embeddable":true,"href":"https:\/\/ferrepuertochile.cl\/index.php\/wp-json\/wp\/v2\/product_brand?post=10584"},{"taxonomy":"product_cat","embeddable":true,"href":"https:\/\/ferrepuertochile.cl\/index.php\/wp-json\/wp\/v2\/product_cat?post=10584"},{"taxonomy":"product_tag","embeddable":true,"href":"https:\/\/ferrepuertochile.cl\/index.php\/wp-json\/wp\/v2\/product_tag?post=10584"}],"curies":[{"name":"wp","href":"https:\/\/api.w.org\/{rel}","templated":true}]}}