{"id":10565,"date":"2024-07-22T11:58:16","date_gmt":"2024-07-22T14:58:16","guid":{"rendered":"https:\/\/ferrepuertochile.cl\/?post_type=product&#038;p=10565"},"modified":"2025-03-10T12:05:20","modified_gmt":"2025-03-10T15:05:20","slug":"codo-de-bronce-1-2-terminal-hi-he","status":"publish","type":"product","link":"https:\/\/ferrepuertochile.cl\/index.php\/producto\/codo-de-bronce-1-2-terminal-hi-he\/","title":{"rendered":"Codo De Bronce 1\/2&#8243; Terminal HI-HE Dimaflow"},"content":{"rendered":"<p>Se utiliza para desviar el sentido de conducci\u00f3n de una tuber\u00eda, en \u00e1ngulo de 90\u00ba, terminal terminal HI-HE. Ambos extremos son soldables. Marca Dimaflow.<\/p>\n<p>&nbsp;<\/p>\n","protected":false},"excerpt":{"rendered":"<p>Se utiliza para desviar el sentido de conducci\u00f3n de una tuber\u00eda, en \u00e1ngulo de 90\u00ba, terminal terminal HI-HE. Ambos extremos son soldables. Marca Dimaflow. &nbsp;<\/p>\n","protected":false},"featured_media":10566,"template":"","meta":[],"product_brand":[],"product_cat":[207],"product_tag":[],"class_list":{"0":"post-10565","1":"product","2":"type-product","3":"status-publish","4":"has-post-thumbnail","6":"product_cat-fitting-cobre-bronce","8":"first","9":"instock","10":"shipping-taxable","11":"purchasable","12":"product-type-simple"},"_links":{"self":[{"href":"https:\/\/ferrepuertochile.cl\/index.php\/wp-json\/wp\/v2\/product\/10565","targetHints":{"allow":["GET"]}}],"collection":[{"href":"https:\/\/ferrepuertochile.cl\/index.php\/wp-json\/wp\/v2\/product"}],"about":[{"href":"https:\/\/ferrepuertochile.cl\/index.php\/wp-json\/wp\/v2\/types\/product"}],"wp:featuredmedia":[{"embeddable":true,"href":"https:\/\/ferrepuertochile.cl\/index.php\/wp-json\/wp\/v2\/media\/10566"}],"wp:attachment":[{"href":"https:\/\/ferrepuertochile.cl\/index.php\/wp-json\/wp\/v2\/media?parent=10565"}],"wp:term":[{"taxonomy":"product_brand","embeddable":true,"href":"https:\/\/ferrepuertochile.cl\/index.php\/wp-json\/wp\/v2\/product_brand?post=10565"},{"taxonomy":"product_cat","embeddable":true,"href":"https:\/\/ferrepuertochile.cl\/index.php\/wp-json\/wp\/v2\/product_cat?post=10565"},{"taxonomy":"product_tag","embeddable":true,"href":"https:\/\/ferrepuertochile.cl\/index.php\/wp-json\/wp\/v2\/product_tag?post=10565"}],"curies":[{"name":"wp","href":"https:\/\/api.w.org\/{rel}","templated":true}]}}