{"id":10561,"date":"2024-07-22T11:32:26","date_gmt":"2024-07-22T14:32:26","guid":{"rendered":"https:\/\/ferrepuertochile.cl\/?post_type=product&#038;p=10561"},"modified":"2024-09-27T16:57:57","modified_gmt":"2024-09-27T19:57:57","slug":"caneria-de-cobre-tipo-m-1-2-x-6-metros","status":"publish","type":"product","link":"https:\/\/ferrepuertochile.cl\/index.php\/producto\/caneria-de-cobre-tipo-m-1-2-x-6-metros\/","title":{"rendered":"Ca\u00f1er\u00eda De Cobre Tipo M 1\/2&#8243; x 6 metros Gen\u00e9rico"},"content":{"rendered":"<div class=\"vtex-flex-layout-0-x-flexRow vtex-flex-layout-0-x-flexRow--productSpecificationGroup\">\n<div class=\"flex mt0 mb0 pt0 pb0 justify-start vtex-flex-layout-0-x-flexRowContent vtex-flex-layout-0-x-flexRowContent--productSpecificationGroup items-stretch w-100\">\n<div class=\"pr0 items-stretch vtex-flex-layout-0-x-stretchChildrenWidth flex\">\n<div class=\"vtex-flex-layout-0-x-flexCol ml0 mr0 pl0 pr0 flex flex-column h-100 w-100\">\n<div class=\"vtex-flex-layout-0-x-flexColChild pb0\">\n<div class=\"vtex-flex-layout-0-x-flexRow\">\n<div class=\"flex mt0 mb0 pt0 pb0 justify-start vtex-flex-layout-0-x-flexRowContent items-stretch w-100\">\n<div class=\"pr7 items-stretch vtex-flex-layout-0-x-stretchChildrenWidth flex\">\n<div class=\"vtex-flex-layout-0-x-flexCol vtex-flex-layout-0-x-flexCol--productSpecificationName ml0 mr0 pl0 pr0 flex flex-column h-100 w-100\">\n<div class=\"vtex-flex-layout-0-x-flexColChild vtex-flex-layout-0-x-flexColChild--productSpecificationName pb0\">\n<p><span class=\"easycl-product-specifications-0-x-specificationName\" data-specification-group=\"Caracter\u00edsticas destacadas\" data-specification-name=\"Tono\"><span class=\"easycl-product-specifications-0-x-specificationName\" data-specification-group=\"Caracter\u00edsticas destacadas\" data-specification-name=\"Tono\">Ca\u00f1er\u00eda <\/span><\/span><span style=\"letter-spacing: 0em\">tipo <\/span><span style=\"letter-spacing: 0em\">cobre, d<\/span><span style=\"letter-spacing: 0em\">i\u00e1metro <\/span><span style=\"letter-spacing: 0em\">1\/2\u00bb x <\/span><span style=\"letter-spacing: 0em\">6 metros. <\/span>Modelo t<span style=\"letter-spacing: 0em\">ipo M. <\/span><span style=\"letter-spacing: 0em\">Uso recomendado <\/span>para conducci\u00f3n de agua.<\/p>\n<\/div>\n<\/div>\n<\/div>\n<\/div>\n<\/div>\n<\/div>\n<\/div>\n<\/div>\n<\/div>\n<\/div>\n","protected":false},"excerpt":{"rendered":"<p>Ca\u00f1er\u00eda tipo cobre, di\u00e1metro 1\/2\u00bb x 6 metros. Modelo tipo M. Uso recomendado para conducci\u00f3n de agua.<\/p>\n","protected":false},"featured_media":10560,"template":"","meta":[],"product_brand":[],"product_cat":[207],"product_tag":[],"class_list":{"0":"post-10561","1":"product","2":"type-product","3":"status-publish","4":"has-post-thumbnail","6":"product_cat-fitting-cobre-bronce","8":"first","9":"outofstock","10":"shipping-taxable","11":"purchasable","12":"product-type-simple"},"_links":{"self":[{"href":"https:\/\/ferrepuertochile.cl\/index.php\/wp-json\/wp\/v2\/product\/10561","targetHints":{"allow":["GET"]}}],"collection":[{"href":"https:\/\/ferrepuertochile.cl\/index.php\/wp-json\/wp\/v2\/product"}],"about":[{"href":"https:\/\/ferrepuertochile.cl\/index.php\/wp-json\/wp\/v2\/types\/product"}],"wp:featuredmedia":[{"embeddable":true,"href":"https:\/\/ferrepuertochile.cl\/index.php\/wp-json\/wp\/v2\/media\/10560"}],"wp:attachment":[{"href":"https:\/\/ferrepuertochile.cl\/index.php\/wp-json\/wp\/v2\/media?parent=10561"}],"wp:term":[{"taxonomy":"product_brand","embeddable":true,"href":"https:\/\/ferrepuertochile.cl\/index.php\/wp-json\/wp\/v2\/product_brand?post=10561"},{"taxonomy":"product_cat","embeddable":true,"href":"https:\/\/ferrepuertochile.cl\/index.php\/wp-json\/wp\/v2\/product_cat?post=10561"},{"taxonomy":"product_tag","embeddable":true,"href":"https:\/\/ferrepuertochile.cl\/index.php\/wp-json\/wp\/v2\/product_tag?post=10561"}],"curies":[{"name":"wp","href":"https:\/\/api.w.org\/{rel}","templated":true}]}}