{"id":10552,"date":"2024-07-20T12:25:39","date_gmt":"2024-07-20T15:25:39","guid":{"rendered":"https:\/\/ferrepuertochile.cl\/?post_type=product&#038;p=10552"},"modified":"2025-03-10T12:05:20","modified_gmt":"2025-03-10T15:05:20","slug":"valvula-bola-pvc-compacta-50mm-gris","status":"publish","type":"product","link":"https:\/\/ferrepuertochile.cl\/index.php\/producto\/valvula-bola-pvc-compacta-50mm-gris\/","title":{"rendered":"V\u00e1lvula Bola PVC Compacta 50 Mm Gris Tianyan"},"content":{"rendered":"<p>V\u00e1lvula de bola PVC, con extremos a soldar o cementar de 50 mil\u00edmetros de di\u00e1metro interior.<\/p>\n","protected":false},"excerpt":{"rendered":"<p>V\u00e1lvula de bola PVC, con extremos a soldar o cementar de 50 mil\u00edmetros de di\u00e1metro interior.<\/p>\n","protected":false},"featured_media":10548,"template":"","meta":[],"product_brand":[],"product_cat":[222],"product_tag":[],"class_list":{"0":"post-10552","1":"product","2":"type-product","3":"status-publish","4":"has-post-thumbnail","6":"product_cat-valvulas-de-agua","8":"first","9":"instock","10":"shipping-taxable","11":"purchasable","12":"product-type-simple"},"_links":{"self":[{"href":"https:\/\/ferrepuertochile.cl\/index.php\/wp-json\/wp\/v2\/product\/10552","targetHints":{"allow":["GET"]}}],"collection":[{"href":"https:\/\/ferrepuertochile.cl\/index.php\/wp-json\/wp\/v2\/product"}],"about":[{"href":"https:\/\/ferrepuertochile.cl\/index.php\/wp-json\/wp\/v2\/types\/product"}],"wp:featuredmedia":[{"embeddable":true,"href":"https:\/\/ferrepuertochile.cl\/index.php\/wp-json\/wp\/v2\/media\/10548"}],"wp:attachment":[{"href":"https:\/\/ferrepuertochile.cl\/index.php\/wp-json\/wp\/v2\/media?parent=10552"}],"wp:term":[{"taxonomy":"product_brand","embeddable":true,"href":"https:\/\/ferrepuertochile.cl\/index.php\/wp-json\/wp\/v2\/product_brand?post=10552"},{"taxonomy":"product_cat","embeddable":true,"href":"https:\/\/ferrepuertochile.cl\/index.php\/wp-json\/wp\/v2\/product_cat?post=10552"},{"taxonomy":"product_tag","embeddable":true,"href":"https:\/\/ferrepuertochile.cl\/index.php\/wp-json\/wp\/v2\/product_tag?post=10552"}],"curies":[{"name":"wp","href":"https:\/\/api.w.org\/{rel}","templated":true}]}}