{"id":10539,"date":"2024-07-20T11:23:09","date_gmt":"2024-07-20T14:23:09","guid":{"rendered":"https:\/\/ferrepuertochile.cl\/?post_type=product&#038;p=10539"},"modified":"2025-03-10T12:05:19","modified_gmt":"2025-03-10T15:05:19","slug":"valvula-bola-laton-3-4-eco-edr","status":"publish","type":"product","link":"https:\/\/ferrepuertochile.cl\/index.php\/producto\/valvula-bola-laton-3-4-eco-edr\/","title":{"rendered":"V\u00e1lvula Bola Lat\u00f3n 3\/4&#8243; ECO EDR"},"content":{"rendered":"<p>La v\u00e1lvula de bola est\u00e1 fabricada en lat\u00f3n que corresponde a una aleaci\u00f3n entre cobre y zinc. Est\u00e1 dise\u00f1ada para ser conectada a terminales con hilo exterior de 3\/4&#8243;. Permite construir redes s\u00f3lidas donde el control del paso del agua estar\u00e1 en tus manos.<\/p>\n","protected":false},"excerpt":{"rendered":"<p>La v\u00e1lvula de bola est\u00e1 fabricada en lat\u00f3n que corresponde a una aleaci\u00f3n entre cobre y zinc. Est\u00e1 dise\u00f1ada para ser conectada a terminales con hilo exterior de 3\/4&#8243;. Permite construir redes s\u00f3lidas donde el control del paso del agua estar\u00e1 en tus manos.<\/p>\n","protected":false},"featured_media":10538,"template":"","meta":[],"product_brand":[],"product_cat":[222],"product_tag":[],"class_list":{"0":"post-10539","1":"product","2":"type-product","3":"status-publish","4":"has-post-thumbnail","6":"product_cat-valvulas-de-agua","8":"first","9":"instock","10":"shipping-taxable","11":"purchasable","12":"product-type-simple"},"_links":{"self":[{"href":"https:\/\/ferrepuertochile.cl\/index.php\/wp-json\/wp\/v2\/product\/10539","targetHints":{"allow":["GET"]}}],"collection":[{"href":"https:\/\/ferrepuertochile.cl\/index.php\/wp-json\/wp\/v2\/product"}],"about":[{"href":"https:\/\/ferrepuertochile.cl\/index.php\/wp-json\/wp\/v2\/types\/product"}],"wp:featuredmedia":[{"embeddable":true,"href":"https:\/\/ferrepuertochile.cl\/index.php\/wp-json\/wp\/v2\/media\/10538"}],"wp:attachment":[{"href":"https:\/\/ferrepuertochile.cl\/index.php\/wp-json\/wp\/v2\/media?parent=10539"}],"wp:term":[{"taxonomy":"product_brand","embeddable":true,"href":"https:\/\/ferrepuertochile.cl\/index.php\/wp-json\/wp\/v2\/product_brand?post=10539"},{"taxonomy":"product_cat","embeddable":true,"href":"https:\/\/ferrepuertochile.cl\/index.php\/wp-json\/wp\/v2\/product_cat?post=10539"},{"taxonomy":"product_tag","embeddable":true,"href":"https:\/\/ferrepuertochile.cl\/index.php\/wp-json\/wp\/v2\/product_tag?post=10539"}],"curies":[{"name":"wp","href":"https:\/\/api.w.org\/{rel}","templated":true}]}}