{"id":10476,"date":"2024-07-18T18:25:49","date_gmt":"2024-07-18T21:25:49","guid":{"rendered":"https:\/\/ferrepuertochile.cl\/?post_type=product&#038;p=10476"},"modified":"2025-03-10T12:05:18","modified_gmt":"2025-03-10T15:05:18","slug":"interruptor-automatico-6ka-c-1x25a-lexo","status":"publish","type":"product","link":"https:\/\/ferrepuertochile.cl\/index.php\/producto\/interruptor-automatico-6ka-c-1x25a-lexo\/","title":{"rendered":"Interruptor Autom\u00e1tico 6ka C 1 X 25 A Lexo"},"content":{"rendered":"<p>Autom\u00e1tico para protecci\u00f3n de instalaciones el\u00e9ctricas ante una falla por sobrecargas o cortocircuitos. Interruptor autom\u00e1tico 6ka, C, 1x25a, marca Lexo<\/p>\n","protected":false},"excerpt":{"rendered":"<p>Autom\u00e1tico para protecci\u00f3n de instalaciones el\u00e9ctricas ante una falla por sobrecargas o cortocircuitos. Interruptor autom\u00e1tico 6ka, C, 1x25a, marca Lexo<\/p>\n","protected":false},"featured_media":10477,"template":"","meta":[],"product_brand":[],"product_cat":[242],"product_tag":[],"class_list":{"0":"post-10476","1":"product","2":"type-product","3":"status-publish","4":"has-post-thumbnail","6":"product_cat-interruptores-automaticos-y-diferenciales","8":"first","9":"instock","10":"shipping-taxable","11":"purchasable","12":"product-type-simple"},"_links":{"self":[{"href":"https:\/\/ferrepuertochile.cl\/index.php\/wp-json\/wp\/v2\/product\/10476","targetHints":{"allow":["GET"]}}],"collection":[{"href":"https:\/\/ferrepuertochile.cl\/index.php\/wp-json\/wp\/v2\/product"}],"about":[{"href":"https:\/\/ferrepuertochile.cl\/index.php\/wp-json\/wp\/v2\/types\/product"}],"wp:featuredmedia":[{"embeddable":true,"href":"https:\/\/ferrepuertochile.cl\/index.php\/wp-json\/wp\/v2\/media\/10477"}],"wp:attachment":[{"href":"https:\/\/ferrepuertochile.cl\/index.php\/wp-json\/wp\/v2\/media?parent=10476"}],"wp:term":[{"taxonomy":"product_brand","embeddable":true,"href":"https:\/\/ferrepuertochile.cl\/index.php\/wp-json\/wp\/v2\/product_brand?post=10476"},{"taxonomy":"product_cat","embeddable":true,"href":"https:\/\/ferrepuertochile.cl\/index.php\/wp-json\/wp\/v2\/product_cat?post=10476"},{"taxonomy":"product_tag","embeddable":true,"href":"https:\/\/ferrepuertochile.cl\/index.php\/wp-json\/wp\/v2\/product_tag?post=10476"}],"curies":[{"name":"wp","href":"https:\/\/api.w.org\/{rel}","templated":true}]}}