{"id":10467,"date":"2024-07-18T17:58:55","date_gmt":"2024-07-18T20:58:55","guid":{"rendered":"https:\/\/ferrepuertochile.cl\/?post_type=product&#038;p=10467"},"modified":"2025-03-10T12:05:17","modified_gmt":"2025-03-10T15:05:17","slug":"portalampara-estandar-termoplastico-e27-4a250v-blanco-lexo","status":"publish","type":"product","link":"https:\/\/ferrepuertochile.cl\/index.php\/producto\/portalampara-estandar-termoplastico-e27-4a250v-blanco-lexo\/","title":{"rendered":"Portal\u00e1mpara Est\u00e1ndar Termopl\u00e1stico E 27 4 A 250 V Blanco Lexo"},"content":{"rendered":"<p>El Portal\u00e1mparas Lexo modelo E27-H, est\u00e1ndar, permite realizar instalaciones de l\u00e1mparas con rosca E27, con un montaje r\u00e1pido, sencillo y seguro a trav\u00e9s de bornes de conexi\u00f3n r\u00e1pida con apriete y protegidos, para evitar contactos accidentales.<\/p>\n","protected":false},"excerpt":{"rendered":"<p>El Portal\u00e1mparas Lexo modelo E27-H, est\u00e1ndar, permite realizar instalaciones de l\u00e1mparas con rosca E27, con un montaje r\u00e1pido, sencillo y seguro a trav\u00e9s de bornes de conexi\u00f3n r\u00e1pida con apriete y protegidos, para evitar contactos accidentales.<\/p>\n","protected":false},"featured_media":10469,"template":"","meta":[],"product_brand":[],"product_cat":[535,226],"product_tag":[],"class_list":{"0":"post-10467","1":"product","2":"type-product","3":"status-publish","4":"has-post-thumbnail","6":"product_cat-iluminacion","7":"product_cat-electricidad","9":"first","10":"instock","11":"shipping-taxable","12":"purchasable","13":"product-type-simple"},"_links":{"self":[{"href":"https:\/\/ferrepuertochile.cl\/index.php\/wp-json\/wp\/v2\/product\/10467","targetHints":{"allow":["GET"]}}],"collection":[{"href":"https:\/\/ferrepuertochile.cl\/index.php\/wp-json\/wp\/v2\/product"}],"about":[{"href":"https:\/\/ferrepuertochile.cl\/index.php\/wp-json\/wp\/v2\/types\/product"}],"wp:featuredmedia":[{"embeddable":true,"href":"https:\/\/ferrepuertochile.cl\/index.php\/wp-json\/wp\/v2\/media\/10469"}],"wp:attachment":[{"href":"https:\/\/ferrepuertochile.cl\/index.php\/wp-json\/wp\/v2\/media?parent=10467"}],"wp:term":[{"taxonomy":"product_brand","embeddable":true,"href":"https:\/\/ferrepuertochile.cl\/index.php\/wp-json\/wp\/v2\/product_brand?post=10467"},{"taxonomy":"product_cat","embeddable":true,"href":"https:\/\/ferrepuertochile.cl\/index.php\/wp-json\/wp\/v2\/product_cat?post=10467"},{"taxonomy":"product_tag","embeddable":true,"href":"https:\/\/ferrepuertochile.cl\/index.php\/wp-json\/wp\/v2\/product_tag?post=10467"}],"curies":[{"name":"wp","href":"https:\/\/api.w.org\/{rel}","templated":true}]}}