{"id":10465,"date":"2024-07-18T17:53:39","date_gmt":"2024-07-18T20:53:39","guid":{"rendered":"https:\/\/ferrepuertochile.cl\/?post_type=product&#038;p=10465"},"modified":"2025-03-10T12:05:17","modified_gmt":"2025-03-10T15:05:17","slug":"portalampara-tipo-plafon-ovalado-termoplastico-e27-4a-250v-blanco-lexo","status":"publish","type":"product","link":"https:\/\/ferrepuertochile.cl\/index.php\/producto\/portalampara-tipo-plafon-ovalado-termoplastico-e27-4a-250v-blanco-lexo\/","title":{"rendered":"Portal\u00e1mpara Tipo Plaf\u00f3n Ovalado Termopl\u00e1stico E 27 4 A 250 V Blanco Lexo"},"content":{"rendered":"<p>Portal\u00e1mpara tipo plaf\u00f3n, ovalado, termopl\u00e1stico, E27, 4a, 250v, blanco, marca Lexo.<\/p>\n","protected":false},"excerpt":{"rendered":"<p>Portal\u00e1mpara tipo plaf\u00f3n, ovalado, termopl\u00e1stico, E27, 4a, 250v, blanco, marca Lexo.<\/p>\n","protected":false},"featured_media":10466,"template":"","meta":[],"product_brand":[],"product_cat":[535,226],"product_tag":[],"class_list":{"0":"post-10465","1":"product","2":"type-product","3":"status-publish","4":"has-post-thumbnail","6":"product_cat-iluminacion","7":"product_cat-electricidad","9":"first","10":"instock","11":"shipping-taxable","12":"purchasable","13":"product-type-simple"},"_links":{"self":[{"href":"https:\/\/ferrepuertochile.cl\/index.php\/wp-json\/wp\/v2\/product\/10465","targetHints":{"allow":["GET"]}}],"collection":[{"href":"https:\/\/ferrepuertochile.cl\/index.php\/wp-json\/wp\/v2\/product"}],"about":[{"href":"https:\/\/ferrepuertochile.cl\/index.php\/wp-json\/wp\/v2\/types\/product"}],"wp:featuredmedia":[{"embeddable":true,"href":"https:\/\/ferrepuertochile.cl\/index.php\/wp-json\/wp\/v2\/media\/10466"}],"wp:attachment":[{"href":"https:\/\/ferrepuertochile.cl\/index.php\/wp-json\/wp\/v2\/media?parent=10465"}],"wp:term":[{"taxonomy":"product_brand","embeddable":true,"href":"https:\/\/ferrepuertochile.cl\/index.php\/wp-json\/wp\/v2\/product_brand?post=10465"},{"taxonomy":"product_cat","embeddable":true,"href":"https:\/\/ferrepuertochile.cl\/index.php\/wp-json\/wp\/v2\/product_cat?post=10465"},{"taxonomy":"product_tag","embeddable":true,"href":"https:\/\/ferrepuertochile.cl\/index.php\/wp-json\/wp\/v2\/product_tag?post=10465"}],"curies":[{"name":"wp","href":"https:\/\/api.w.org\/{rel}","templated":true}]}}