{"id":10446,"date":"2024-07-18T15:18:16","date_gmt":"2024-07-18T18:18:16","guid":{"rendered":"https:\/\/ferrepuertochile.cl\/?post_type=product&#038;p=10446"},"modified":"2024-09-27T10:00:27","modified_gmt":"2024-09-27T13:00:27","slug":"canaleta-electrica-c-adhesivo-20-x-10-x-2-mts-hoffens","status":"publish","type":"product","link":"https:\/\/ferrepuertochile.cl\/index.php\/producto\/canaleta-electrica-c-adhesivo-20-x-10-x-2-mts-hoffens\/","title":{"rendered":"Canaleta El\u00e9ctrica Con Adhesivo 20 X 10 X 2 Mts Hoffens"},"content":{"rendered":"<p>Canaleta el\u00e9ctrica con adhesivo PVC 20x10x2000 mm autoextinguible para cableado el\u00e9ctrico.<\/p>\n","protected":false},"excerpt":{"rendered":"<p>Canaleta el\u00e9ctrica con adhesivo PVC 20x10x2000 mm autoextinguible para cableado el\u00e9ctrico.<\/p>\n","protected":false},"featured_media":10447,"template":"","meta":[],"product_brand":[],"product_cat":[249,246],"product_tag":[],"class_list":{"0":"post-10446","1":"product","2":"type-product","3":"status-publish","4":"has-post-thumbnail","6":"product_cat-canaletas-electricas","7":"product_cat-canalizacion","9":"first","10":"outofstock","11":"shipping-taxable","12":"purchasable","13":"product-type-simple"},"_links":{"self":[{"href":"https:\/\/ferrepuertochile.cl\/index.php\/wp-json\/wp\/v2\/product\/10446","targetHints":{"allow":["GET"]}}],"collection":[{"href":"https:\/\/ferrepuertochile.cl\/index.php\/wp-json\/wp\/v2\/product"}],"about":[{"href":"https:\/\/ferrepuertochile.cl\/index.php\/wp-json\/wp\/v2\/types\/product"}],"wp:featuredmedia":[{"embeddable":true,"href":"https:\/\/ferrepuertochile.cl\/index.php\/wp-json\/wp\/v2\/media\/10447"}],"wp:attachment":[{"href":"https:\/\/ferrepuertochile.cl\/index.php\/wp-json\/wp\/v2\/media?parent=10446"}],"wp:term":[{"taxonomy":"product_brand","embeddable":true,"href":"https:\/\/ferrepuertochile.cl\/index.php\/wp-json\/wp\/v2\/product_brand?post=10446"},{"taxonomy":"product_cat","embeddable":true,"href":"https:\/\/ferrepuertochile.cl\/index.php\/wp-json\/wp\/v2\/product_cat?post=10446"},{"taxonomy":"product_tag","embeddable":true,"href":"https:\/\/ferrepuertochile.cl\/index.php\/wp-json\/wp\/v2\/product_tag?post=10446"}],"curies":[{"name":"wp","href":"https:\/\/api.w.org\/{rel}","templated":true}]}}