{"id":10436,"date":"2024-07-18T14:13:53","date_gmt":"2024-07-18T17:13:53","guid":{"rendered":"https:\/\/ferrepuertochile.cl\/?post_type=product&#038;p=10436"},"modified":"2025-06-05T19:33:58","modified_gmt":"2025-06-05T22:33:58","slug":"abrazadera-conduit-20-mm","status":"publish","type":"product","link":"https:\/\/ferrepuertochile.cl\/index.php\/producto\/abrazadera-conduit-20-mm\/","title":{"rendered":"Abrazadera Conduit 20 Mm Venemetal"},"content":{"rendered":"<p>Estas funcionales abrazaderas pueden usarse en tus instalaciones de tuber\u00edas el\u00e9ctricas, o para ordenar tubos m\u00e1s ligeros, o incluso para sostener diversos materiales y contenedores de tu espacio de trabajo. Su variedad infinita de aplicaciones est\u00e1 en tu creatividad seg\u00fan los requerimientos de cada proyecto que planees realizar. Funcionan si se disponen tanto vertical como horizontalmente, o suspendidas en una pared, gu\u00eda, techo o cualquier otra base.<\/p>\n<p>Medida : 20 mil\u00edmetros.<\/p>\n<p>&nbsp;<\/p>\n","protected":false},"excerpt":{"rendered":"<p>Estas funcionales abrazaderas pueden usarse en tus instalaciones de tuber\u00edas el\u00e9ctricas, o para ordenar tubos m\u00e1s ligeros, o incluso para sostener diversos materiales y contenedores de tu espacio de trabajo. Su variedad infinita de aplicaciones est\u00e1 en tu creatividad seg\u00fan los requerimientos de cada proyecto que planees realizar. Funcionan si se disponen tanto vertical como&#8230;<\/p>\n","protected":false},"featured_media":10435,"template":"","meta":[],"product_brand":[],"product_cat":[246,248],"product_tag":[],"class_list":{"0":"post-10436","1":"product","2":"type-product","3":"status-publish","4":"has-post-thumbnail","6":"product_cat-canalizacion","7":"product_cat-conduits-y-fitting","9":"first","10":"instock","11":"shipping-taxable","12":"purchasable","13":"product-type-simple"},"_links":{"self":[{"href":"https:\/\/ferrepuertochile.cl\/index.php\/wp-json\/wp\/v2\/product\/10436","targetHints":{"allow":["GET"]}}],"collection":[{"href":"https:\/\/ferrepuertochile.cl\/index.php\/wp-json\/wp\/v2\/product"}],"about":[{"href":"https:\/\/ferrepuertochile.cl\/index.php\/wp-json\/wp\/v2\/types\/product"}],"wp:featuredmedia":[{"embeddable":true,"href":"https:\/\/ferrepuertochile.cl\/index.php\/wp-json\/wp\/v2\/media\/10435"}],"wp:attachment":[{"href":"https:\/\/ferrepuertochile.cl\/index.php\/wp-json\/wp\/v2\/media?parent=10436"}],"wp:term":[{"taxonomy":"product_brand","embeddable":true,"href":"https:\/\/ferrepuertochile.cl\/index.php\/wp-json\/wp\/v2\/product_brand?post=10436"},{"taxonomy":"product_cat","embeddable":true,"href":"https:\/\/ferrepuertochile.cl\/index.php\/wp-json\/wp\/v2\/product_cat?post=10436"},{"taxonomy":"product_tag","embeddable":true,"href":"https:\/\/ferrepuertochile.cl\/index.php\/wp-json\/wp\/v2\/product_tag?post=10436"}],"curies":[{"name":"wp","href":"https:\/\/api.w.org\/{rel}","templated":true}]}}