{"id":10425,"date":"2024-07-18T13:19:41","date_gmt":"2024-07-18T16:19:41","guid":{"rendered":"https:\/\/ferrepuertochile.cl\/?post_type=product&#038;p=10425"},"modified":"2025-03-10T12:05:17","modified_gmt":"2025-03-10T15:05:17","slug":"terminal-conduit-con-tuerca-20-mm","status":"publish","type":"product","link":"https:\/\/ferrepuertochile.cl\/index.php\/producto\/terminal-conduit-con-tuerca-20-mm\/","title":{"rendered":"Terminal Conduit Con Tuerca 20 Mm Hoffens"},"content":{"rendered":"<p>Resistentes a la corrosi\u00f3n, electr\u00f3lisis, \u00e1lcalisis y \u00e1cidos del suelo. Destinada a la terminaci\u00f3n de una canalizaci\u00f3n, permitiendo la conexi\u00f3n de una caja met\u00e1lica o c\u00e1mara subterr\u00e1nea de hormig\u00f3n. Uso preferente en canalizaciones interiores o subterr\u00e1neas, con bajas exigencias de presi\u00f3n.<\/p>\n<p>Medida : 20 mil\u00edmetros.<\/p>\n<p>&nbsp;<\/p>\n","protected":false},"excerpt":{"rendered":"<p>Resistentes a la corrosi\u00f3n, electr\u00f3lisis, \u00e1lcalisis y \u00e1cidos del suelo. Destinada a la terminaci\u00f3n de una canalizaci\u00f3n, permitiendo la conexi\u00f3n de una caja met\u00e1lica o c\u00e1mara subterr\u00e1nea de hormig\u00f3n. Uso preferente en canalizaciones interiores o subterr\u00e1neas, con bajas exigencias de presi\u00f3n. Medida : 20 mil\u00edmetros. &nbsp;<\/p>\n","protected":false},"featured_media":10426,"template":"","meta":[],"product_brand":[],"product_cat":[246,248],"product_tag":[],"class_list":{"0":"post-10425","1":"product","2":"type-product","3":"status-publish","4":"has-post-thumbnail","6":"product_cat-canalizacion","7":"product_cat-conduits-y-fitting","9":"first","10":"instock","11":"shipping-taxable","12":"purchasable","13":"product-type-simple"},"_links":{"self":[{"href":"https:\/\/ferrepuertochile.cl\/index.php\/wp-json\/wp\/v2\/product\/10425","targetHints":{"allow":["GET"]}}],"collection":[{"href":"https:\/\/ferrepuertochile.cl\/index.php\/wp-json\/wp\/v2\/product"}],"about":[{"href":"https:\/\/ferrepuertochile.cl\/index.php\/wp-json\/wp\/v2\/types\/product"}],"wp:featuredmedia":[{"embeddable":true,"href":"https:\/\/ferrepuertochile.cl\/index.php\/wp-json\/wp\/v2\/media\/10426"}],"wp:attachment":[{"href":"https:\/\/ferrepuertochile.cl\/index.php\/wp-json\/wp\/v2\/media?parent=10425"}],"wp:term":[{"taxonomy":"product_brand","embeddable":true,"href":"https:\/\/ferrepuertochile.cl\/index.php\/wp-json\/wp\/v2\/product_brand?post=10425"},{"taxonomy":"product_cat","embeddable":true,"href":"https:\/\/ferrepuertochile.cl\/index.php\/wp-json\/wp\/v2\/product_cat?post=10425"},{"taxonomy":"product_tag","embeddable":true,"href":"https:\/\/ferrepuertochile.cl\/index.php\/wp-json\/wp\/v2\/product_tag?post=10425"}],"curies":[{"name":"wp","href":"https:\/\/api.w.org\/{rel}","templated":true}]}}