{"id":10422,"date":"2024-07-18T13:08:29","date_gmt":"2024-07-18T16:08:29","guid":{"rendered":"https:\/\/ferrepuertochile.cl\/?post_type=product&#038;p=10422"},"modified":"2024-09-27T09:33:54","modified_gmt":"2024-09-27T12:33:54","slug":"curva-90-32-mm","status":"publish","type":"product","link":"https:\/\/ferrepuertochile.cl\/index.php\/producto\/curva-90-32-mm\/","title":{"rendered":"Curva 90\u00b0 32 Mm Hoffens"},"content":{"rendered":"<p>Este producto se destaca por tener un bajo peso, por ser muy f\u00e1cil de manejar y por la fortaleza que le proporciona el material de PVC con el que ha sido elaborado. Se utiliza en montajes que van sobrepuestos y tambi\u00e9n para aquellos que van empotrados o enterrados. Esta pieza sirve para darle un cambio a la direcci\u00f3n que trae una instalaci\u00f3n con el fin de que llegue a cierto punto o para que empate con una caja o cualquier otro artefacto. Su conexi\u00f3n se hace a presi\u00f3n y se puede utilizar un pegamento de policloruro de vinilo para mayor seguridad. Es un elemento de peque\u00f1o tama\u00f1o que resulta muy f\u00e1cil de manipular. Su superficie es totalmente lisa y viene para acoplarse en ambos extremos. Para eso tiene un terminal de tipo macho y el otro de tipo hembra.<\/p>\n<p>Medida : 32 mil\u00edmetros.<\/p>\n<p>&nbsp;<\/p>\n","protected":false},"excerpt":{"rendered":"<p>Este producto se destaca por tener un bajo peso, por ser muy f\u00e1cil de manejar y por la fortaleza que le proporciona el material de PVC con el que ha sido elaborado. Se utiliza en montajes que van sobrepuestos y tambi\u00e9n para aquellos que van empotrados o enterrados. Esta pieza sirve para darle un cambio&#8230;<\/p>\n","protected":false},"featured_media":10418,"template":"","meta":[],"product_brand":[],"product_cat":[246,248],"product_tag":[],"class_list":{"0":"post-10422","1":"product","2":"type-product","3":"status-publish","4":"has-post-thumbnail","6":"product_cat-canalizacion","7":"product_cat-conduits-y-fitting","9":"first","10":"outofstock","11":"shipping-taxable","12":"purchasable","13":"product-type-simple"},"_links":{"self":[{"href":"https:\/\/ferrepuertochile.cl\/index.php\/wp-json\/wp\/v2\/product\/10422","targetHints":{"allow":["GET"]}}],"collection":[{"href":"https:\/\/ferrepuertochile.cl\/index.php\/wp-json\/wp\/v2\/product"}],"about":[{"href":"https:\/\/ferrepuertochile.cl\/index.php\/wp-json\/wp\/v2\/types\/product"}],"wp:featuredmedia":[{"embeddable":true,"href":"https:\/\/ferrepuertochile.cl\/index.php\/wp-json\/wp\/v2\/media\/10418"}],"wp:attachment":[{"href":"https:\/\/ferrepuertochile.cl\/index.php\/wp-json\/wp\/v2\/media?parent=10422"}],"wp:term":[{"taxonomy":"product_brand","embeddable":true,"href":"https:\/\/ferrepuertochile.cl\/index.php\/wp-json\/wp\/v2\/product_brand?post=10422"},{"taxonomy":"product_cat","embeddable":true,"href":"https:\/\/ferrepuertochile.cl\/index.php\/wp-json\/wp\/v2\/product_cat?post=10422"},{"taxonomy":"product_tag","embeddable":true,"href":"https:\/\/ferrepuertochile.cl\/index.php\/wp-json\/wp\/v2\/product_tag?post=10422"}],"curies":[{"name":"wp","href":"https:\/\/api.w.org\/{rel}","templated":true}]}}