{"id":10410,"date":"2024-07-18T11:47:59","date_gmt":"2024-07-18T14:47:59","guid":{"rendered":"https:\/\/ferrepuertochile.cl\/?post_type=product&#038;p=10410"},"modified":"2024-09-27T09:25:59","modified_gmt":"2024-09-27T12:25:59","slug":"balde-construccion-12-lts-berdal","status":"publish","type":"product","link":"https:\/\/ferrepuertochile.cl\/index.php\/producto\/balde-construccion-12-lts-berdal\/","title":{"rendered":"Balde Construcci\u00f3n 12 Litros Berdal"},"content":{"rendered":"<p>El Balde de Construcci\u00f3n de 12 litros de la marca Berdal es una herramienta esencial para cualquier proyecto de construcci\u00f3n. Con una capacidad de 12 litros, este balde te permite transportar y verter f\u00e1cilmente una variedad de materiales, incluyendo hormig\u00f3n, mortero, arena y escombros. La marca Berdal es conocida por ofrecer productos de alta calidad y durabilidad, por lo que puedes confiar en la resistencia y robustez de este balde. Su dise\u00f1o ergon\u00f3mico y asa resistente hacen que sea c\u00f3modo de llevar y utilizar en el lugar de trabajo.<\/p>\n","protected":false},"excerpt":{"rendered":"<p>El Balde de Construcci\u00f3n de 12 litros de la marca Berdal es una herramienta esencial para cualquier proyecto de construcci\u00f3n. Con una capacidad de 12 litros, este balde te permite transportar y verter f\u00e1cilmente una variedad de materiales, incluyendo hormig\u00f3n, mortero, arena y escombros. La marca Berdal es conocida por ofrecer productos de alta calidad&#8230;<\/p>\n","protected":false},"featured_media":10411,"template":"","meta":[],"product_brand":[],"product_cat":[534,521,256,162],"product_tag":[],"class_list":{"0":"post-10410","1":"product","2":"type-product","3":"status-publish","4":"has-post-thumbnail","6":"product_cat-aseo-y-limpieza","7":"product_cat-herramientas-manuales","8":"product_cat-herramientas","9":"product_cat-ferreteria-menor","11":"first","12":"outofstock","13":"shipping-taxable","14":"purchasable","15":"product-type-simple"},"_links":{"self":[{"href":"https:\/\/ferrepuertochile.cl\/index.php\/wp-json\/wp\/v2\/product\/10410","targetHints":{"allow":["GET"]}}],"collection":[{"href":"https:\/\/ferrepuertochile.cl\/index.php\/wp-json\/wp\/v2\/product"}],"about":[{"href":"https:\/\/ferrepuertochile.cl\/index.php\/wp-json\/wp\/v2\/types\/product"}],"wp:featuredmedia":[{"embeddable":true,"href":"https:\/\/ferrepuertochile.cl\/index.php\/wp-json\/wp\/v2\/media\/10411"}],"wp:attachment":[{"href":"https:\/\/ferrepuertochile.cl\/index.php\/wp-json\/wp\/v2\/media?parent=10410"}],"wp:term":[{"taxonomy":"product_brand","embeddable":true,"href":"https:\/\/ferrepuertochile.cl\/index.php\/wp-json\/wp\/v2\/product_brand?post=10410"},{"taxonomy":"product_cat","embeddable":true,"href":"https:\/\/ferrepuertochile.cl\/index.php\/wp-json\/wp\/v2\/product_cat?post=10410"},{"taxonomy":"product_tag","embeddable":true,"href":"https:\/\/ferrepuertochile.cl\/index.php\/wp-json\/wp\/v2\/product_tag?post=10410"}],"curies":[{"name":"wp","href":"https:\/\/api.w.org\/{rel}","templated":true}]}}