{"id":10402,"date":"2024-07-18T11:21:27","date_gmt":"2024-07-18T14:21:27","guid":{"rendered":"https:\/\/ferrepuertochile.cl\/?post_type=product&#038;p=10402"},"modified":"2025-03-10T12:05:16","modified_gmt":"2025-03-10T15:05:16","slug":"lapiz-carpintero-p-hb-bahco","status":"publish","type":"product","link":"https:\/\/ferrepuertochile.cl\/index.php\/producto\/lapiz-carpintero-p-hb-bahco\/","title":{"rendered":"L\u00e1piz Carpintero P-Hb Bahco"},"content":{"rendered":"<p>Dureza HB<br \/>\nForma rectangular<br \/>\nL\u00e1piz de secci\u00f3n grande de f\u00e1cil agarre<br \/>\nBordes achaflanados<\/p>\n","protected":false},"excerpt":{"rendered":"<p>Dureza HB Forma rectangular L\u00e1piz de secci\u00f3n grande de f\u00e1cil agarre Bordes achaflanados<\/p>\n","protected":false},"featured_media":10403,"template":"","meta":[],"product_brand":[],"product_cat":[521,256],"product_tag":[],"class_list":{"0":"post-10402","1":"product","2":"type-product","3":"status-publish","4":"has-post-thumbnail","6":"product_cat-herramientas-manuales","7":"product_cat-herramientas","9":"first","10":"instock","11":"shipping-taxable","12":"purchasable","13":"product-type-simple"},"_links":{"self":[{"href":"https:\/\/ferrepuertochile.cl\/index.php\/wp-json\/wp\/v2\/product\/10402","targetHints":{"allow":["GET"]}}],"collection":[{"href":"https:\/\/ferrepuertochile.cl\/index.php\/wp-json\/wp\/v2\/product"}],"about":[{"href":"https:\/\/ferrepuertochile.cl\/index.php\/wp-json\/wp\/v2\/types\/product"}],"wp:featuredmedia":[{"embeddable":true,"href":"https:\/\/ferrepuertochile.cl\/index.php\/wp-json\/wp\/v2\/media\/10403"}],"wp:attachment":[{"href":"https:\/\/ferrepuertochile.cl\/index.php\/wp-json\/wp\/v2\/media?parent=10402"}],"wp:term":[{"taxonomy":"product_brand","embeddable":true,"href":"https:\/\/ferrepuertochile.cl\/index.php\/wp-json\/wp\/v2\/product_brand?post=10402"},{"taxonomy":"product_cat","embeddable":true,"href":"https:\/\/ferrepuertochile.cl\/index.php\/wp-json\/wp\/v2\/product_cat?post=10402"},{"taxonomy":"product_tag","embeddable":true,"href":"https:\/\/ferrepuertochile.cl\/index.php\/wp-json\/wp\/v2\/product_tag?post=10402"}],"curies":[{"name":"wp","href":"https:\/\/api.w.org\/{rel}","templated":true}]}}