{"id":10400,"date":"2024-07-18T11:14:01","date_gmt":"2024-07-18T14:14:01","guid":{"rendered":"https:\/\/ferrepuertochile.cl\/?post_type=product&#038;p=10400"},"modified":"2025-03-10T12:05:16","modified_gmt":"2025-03-10T15:05:16","slug":"hoja-de-sierra-sandflex-12-24-dientes-bahco","status":"publish","type":"product","link":"https:\/\/ferrepuertochile.cl\/index.php\/producto\/hoja-de-sierra-sandflex-12-24-dientes-bahco\/","title":{"rendered":"Hoja De Sierra Sandflex 12&#8243; 24 Dientes Bahco"},"content":{"rendered":"<p>La hoja de sierra Sandflex, es la herramienta que necesitabas para realizar tus trabajos de cortes en superficies duras y blandas en su variedad de materiales o para el mantenimiento de tu jard\u00edn. Su uso profesional facilita la labor y otorga mayor vida \u00fatil de corte a tus herramientas y maquinarias. Adem\u00e1s es de muy f\u00e1cil ajuste y se adapta a todo tipo de \u00e1ngulos.<\/p>\n<p>&nbsp;<\/p>\n","protected":false},"excerpt":{"rendered":"<p>La hoja de sierra Sandflex, es la herramienta que necesitabas para realizar tus trabajos de cortes en superficies duras y blandas en su variedad de materiales o para el mantenimiento de tu jard\u00edn. Su uso profesional facilita la labor y otorga mayor vida \u00fatil de corte a tus herramientas y maquinarias. Adem\u00e1s es de muy&#8230;<\/p>\n","protected":false},"featured_media":10401,"template":"","meta":[],"product_brand":[],"product_cat":[587,256],"product_tag":[],"class_list":{"0":"post-10400","1":"product","2":"type-product","3":"status-publish","4":"has-post-thumbnail","6":"product_cat-accesorios-para-herramientas","7":"product_cat-herramientas","9":"first","10":"instock","11":"shipping-taxable","12":"purchasable","13":"product-type-simple"},"_links":{"self":[{"href":"https:\/\/ferrepuertochile.cl\/index.php\/wp-json\/wp\/v2\/product\/10400","targetHints":{"allow":["GET"]}}],"collection":[{"href":"https:\/\/ferrepuertochile.cl\/index.php\/wp-json\/wp\/v2\/product"}],"about":[{"href":"https:\/\/ferrepuertochile.cl\/index.php\/wp-json\/wp\/v2\/types\/product"}],"wp:featuredmedia":[{"embeddable":true,"href":"https:\/\/ferrepuertochile.cl\/index.php\/wp-json\/wp\/v2\/media\/10401"}],"wp:attachment":[{"href":"https:\/\/ferrepuertochile.cl\/index.php\/wp-json\/wp\/v2\/media?parent=10400"}],"wp:term":[{"taxonomy":"product_brand","embeddable":true,"href":"https:\/\/ferrepuertochile.cl\/index.php\/wp-json\/wp\/v2\/product_brand?post=10400"},{"taxonomy":"product_cat","embeddable":true,"href":"https:\/\/ferrepuertochile.cl\/index.php\/wp-json\/wp\/v2\/product_cat?post=10400"},{"taxonomy":"product_tag","embeddable":true,"href":"https:\/\/ferrepuertochile.cl\/index.php\/wp-json\/wp\/v2\/product_tag?post=10400"}],"curies":[{"name":"wp","href":"https:\/\/api.w.org\/{rel}","templated":true}]}}