{"id":10386,"date":"2024-07-17T18:26:02","date_gmt":"2024-07-17T21:26:02","guid":{"rendered":"https:\/\/ferrepuertochile.cl\/?post_type=product&#038;p=10386"},"modified":"2025-03-10T12:05:16","modified_gmt":"2025-03-10T15:05:16","slug":"mascara-de-soldar-economica-lioi","status":"publish","type":"product","link":"https:\/\/ferrepuertochile.cl\/index.php\/producto\/mascara-de-soldar-economica-lioi\/","title":{"rendered":"M\u00e1scara De Soldar Econ\u00f3mica Lioi"},"content":{"rendered":"<p>M\u00e1scara para soldar econ\u00f3mica, hecha de ABS y cristal polarizado. Marca Lioi.<\/p>\n","protected":false},"excerpt":{"rendered":"<p>M\u00e1scara para soldar econ\u00f3mica, hecha de ABS y cristal polarizado. Marca Lioi.<\/p>\n","protected":false},"featured_media":10387,"template":"","meta":[],"product_brand":[],"product_cat":[185,197,200],"product_tag":[],"class_list":{"0":"post-10386","1":"product","2":"type-product","3":"status-publish","4":"has-post-thumbnail","6":"product_cat-seguridad","7":"product_cat-proteccion-de-ojos","8":"product_cat-proteccion-personal-proteccion-facial","10":"first","11":"instock","12":"shipping-taxable","13":"purchasable","14":"product-type-simple"},"_links":{"self":[{"href":"https:\/\/ferrepuertochile.cl\/index.php\/wp-json\/wp\/v2\/product\/10386","targetHints":{"allow":["GET"]}}],"collection":[{"href":"https:\/\/ferrepuertochile.cl\/index.php\/wp-json\/wp\/v2\/product"}],"about":[{"href":"https:\/\/ferrepuertochile.cl\/index.php\/wp-json\/wp\/v2\/types\/product"}],"wp:featuredmedia":[{"embeddable":true,"href":"https:\/\/ferrepuertochile.cl\/index.php\/wp-json\/wp\/v2\/media\/10387"}],"wp:attachment":[{"href":"https:\/\/ferrepuertochile.cl\/index.php\/wp-json\/wp\/v2\/media?parent=10386"}],"wp:term":[{"taxonomy":"product_brand","embeddable":true,"href":"https:\/\/ferrepuertochile.cl\/index.php\/wp-json\/wp\/v2\/product_brand?post=10386"},{"taxonomy":"product_cat","embeddable":true,"href":"https:\/\/ferrepuertochile.cl\/index.php\/wp-json\/wp\/v2\/product_cat?post=10386"},{"taxonomy":"product_tag","embeddable":true,"href":"https:\/\/ferrepuertochile.cl\/index.php\/wp-json\/wp\/v2\/product_tag?post=10386"}],"curies":[{"name":"wp","href":"https:\/\/api.w.org\/{rel}","templated":true}]}}